
{"id":19483,"date":"2021-09-22T15:47:04","date_gmt":"2021-09-22T13:47:04","guid":{"rendered":"https:\/\/www.riff-systemhaus.online\/software-fuer-die-schweisstechnik\/"},"modified":"2021-12-20T11:30:28","modified_gmt":"2021-12-20T10:30:28","slug":"software-fuer-die-schweisstechnik","status":"publish","type":"page","link":"https:\/\/www.riff-systemhaus.online\/pl\/software-fuer-die-schweisstechnik\/","title":{"rendered":"Software f\u00fcr die Schwei\u00dftechnik"},"content":{"rendered":"<p>[vc_row][vc_column][vc_empty_space height=&#8221;6.25em&#8221; el_class=&#8221;empty_space_top&#8221;][\/vc_column][vc_column width=&#8221;1\/2&#8243;][vc_column_text]<\/p>\n<p style=\"font-size: 2.25em; color: #808080;\">Oprogramowanie dla technologii spawania<\/p>\n<p>[\/vc_column_text][vc_empty_space height=&#8221;1.875em&#8221;][vc_column_text]<\/p>\n<p style=\"color: #262626; line-height: 1.5em; font-size: 1.1em;\">Od ponad 25 lat tworzymy oprogramowanie dla technologii spawania, in\u017cynierii zak\u0142adowej i specyficznych wymaga\u0144 klient\u00f3w. Od rozwi\u0105za\u0144 dla pojedynczych u\u017cytkownik\u00f3w do du\u017cych aplikacji sieciowych i aplikacji internetowych wykorzystuj\u0105cych urz\u0105dzenia mobilne, takie jak smartfony i tablety PC.<\/p>\n<p>[\/vc_column_text][vc_column_text]<\/p>\n<p style=\"text-align: center; color: #262626; line-height: 1.5em; font-size: 1.1em;\"><span style=\"font-size: 2.5em; color: #14afb4;\">!<\/span> Oznaczamy MADE IN GERMANY. Jako\u015b\u0107, kt\u00f3ra si\u0119 op\u0142aca.<\/p>\n<p>[\/vc_column_text][vc_column_text]<\/p>\n<p style=\"color: #262626; line-height: 1.5em; font-size: 1.1em;\">B\u0105d\u017a na bie\u017c\u0105co, korzystaj\u0105c z profesjonalnych rozwi\u0105za\u0144 programowych.<br \/>\nInnowacyjne firmy dzia\u0142aj\u0105 dzi\u015b globalnie, dlatego nasza najnowsza generacja oprogramowania posiada wieloj\u0119zyczne interfejsy u\u017cytkownika i wieloj\u0119zyczne raporty. Dokumentacja zgodna z odpowiednimi normami, przepisami i specyfikacjami..<\/p>\n<p>[\/vc_column_text][\/vc_column][vc_column width=&#8221;1\/2&#8243;][vc_single_image image=&#8221;18320&#8243; img_size=&#8221;large&#8221; el_class=&#8221;img_software_fuer_schweisstechnik&#8221;][\/vc_column][\/vc_row][vc_row][vc_column]<div class=\"ult_row_spacer\"><div class=\"ult-sticky-anchor\"><div class=\"ult-sticky-section ult-sticky sticky\"  data-gutter= '15' data-stick_behaviour= 'stick_permanent' data-lr_position= 'right'  data-lr_value= '2em'  data-sticky_width= 'customwidth'55 data-sticky_customwidth= '55px' data-sticky_position= 'top' data-mobile='no' data-support='no'><div class=\" ubtn-ctn-center btn_signIn\"><span class=\"ubtn-center\"><button type=\"button\" id=\"ubtn-5707\"  class=\"ubtn ult-adjust-bottom-margin ult-responsive ubtn-custom ubtn-no-hover-bg  none  ubtn-sep-icon ubtn-sep-icon-at-left  ubtn-center  ubtn-only-icon btn_signIn  tooltip-69e1f4ca8a875 ubtn-tooltip left\" data-toggle=\"tooltip\" data-placement=\"left\" title=\"Log in\" data-hover=\"\" data-border-color=\"\" data-bg=\"\" data-hover-bg=\"\" data-border-hover=\"\" data-shadow-hover=\"\" data-shadow-click=\"none\" data-shadow=\"\" data-shd-shadow=\"\"  data-ultimate-target='#ubtn-5707'  data-responsive-json-new='{\"font-size\":\"\",\"line-height\":\"\"}'  style=\"font-weight:normal;width:px;min-height:px;padding:px px;border:none;\"><span class=\"ubtn-data ubtn-icon\"><i class=\"fas fa-sign-in-alt\" style=\"font-size:25px;color:#000000;\"><\/i><\/span><span class=\"ubtn-hover\" style=\"background-color:\"><\/span><span class=\"ubtn-data ubtn-text \" ><\/span><\/button><\/span><\/div><div class=\" ubtn-ctn-center \"><a class=\"ubtn-link ult-adjust-bottom-margin ubtn-center ubtn-custom \" href=\"https:\/\/www.riff-systemhaus.online\/kontakt\/\" ><button type=\"button\" id=\"ubtn-5463\"  class=\"ubtn ult-adjust-bottom-margin ult-responsive ubtn-custom ubtn-no-hover-bg  none  ubtn-sep-icon ubtn-sep-icon-at-left  ubtn-center  ubtn-only-icon   tooltip-69e1f4ca8a919 ubtn-tooltip left\" data-toggle=\"tooltip\" data-placement=\"left\" title=\"Mail\" data-hover=\"\" data-border-color=\"\" data-bg=\"\" data-hover-bg=\"\" data-border-hover=\"\" data-shadow-hover=\"\" data-shadow-click=\"none\" data-shadow=\"\" data-shd-shadow=\"\"  data-ultimate-target='#ubtn-5463'  data-responsive-json-new='{\"font-size\":\"\",\"line-height\":\"\"}'  style=\"font-weight:normal;width:px;min-height:px;padding:px px;border:none;\"><span class=\"ubtn-data ubtn-icon\"><i class=\"icomoon-the7-font-the7-mail-01\" style=\"font-size:25px;color:#000000;\"><\/i><\/span><span class=\"ubtn-hover\" style=\"background-color:\"><\/span><span class=\"ubtn-data ubtn-text \" ><\/span><\/button><\/a><\/div><div class=\" ubtn-ctn-center \"><a class=\"ubtn-link ult-adjust-bottom-margin ubtn-center ubtn-custom \" href=\"tel:004923665699090\" ><button type=\"button\" id=\"ubtn-5160\"  class=\"ubtn ult-adjust-bottom-margin ult-responsive ubtn-custom ubtn-no-hover-bg  none  ubtn-sep-icon ubtn-sep-icon-at-left  ubtn-center  ubtn-only-icon   tooltip-69e1f4ca8a9d5 ubtn-tooltip left\" data-toggle=\"tooltip\" data-placement=\"left\" title=\"Phone\" data-hover=\"\" data-border-color=\"\" data-bg=\"\" data-hover-bg=\"\" data-border-hover=\"\" data-shadow-hover=\"\" data-shadow-click=\"none\" data-shadow=\"\" data-shd-shadow=\"\"  data-ultimate-target='#ubtn-5160'  data-responsive-json-new='{\"font-size\":\"\",\"line-height\":\"\"}'  style=\"font-weight:normal;width:px;min-height:px;padding:px px;border:none;\"><span class=\"ubtn-data ubtn-icon\"><i class=\"icomoon-the7-font-the7-phone-05\" style=\"font-size:25px;color:#000000;\"><\/i><\/span><span class=\"ubtn-hover\" style=\"background-color:\"><\/span><span class=\"ubtn-data ubtn-text \" ><\/span><\/button><\/a><\/div><div class=\" ubtn-ctn-center \"><a class=\"ubtn-link ult-adjust-bottom-margin ubtn-center ubtn-custom \" href=\"https:\/\/www.riff-systemhaus.online\/infos\/\" ><button type=\"button\" id=\"ubtn-8091\"  class=\"ubtn ult-adjust-bottom-margin ult-responsive ubtn-custom ubtn-no-hover-bg  none  ubtn-sep-icon ubtn-sep-icon-at-left  ubtn-center  ubtn-only-icon   tooltip-69e1f4ca8aa4d ubtn-tooltip left\" data-toggle=\"tooltip\" data-placement=\"left\" title=\"Impressum\" data-hover=\"\" data-border-color=\"\" data-bg=\"\" data-hover-bg=\"\" data-border-hover=\"\" data-shadow-hover=\"\" data-shadow-click=\"none\" data-shadow=\"\" data-shd-shadow=\"\"  data-ultimate-target='#ubtn-8091'  data-responsive-json-new='{\"font-size\":\"\",\"line-height\":\"\"}'  style=\"font-weight:normal;width:px;min-height:px;padding:px px;border:none;\"><span class=\"ubtn-data ubtn-icon\"><i class=\"fas fa-info-circle\" style=\"font-size:25px;color:#000000;\"><\/i><\/span><span class=\"ubtn-hover\" style=\"background-color:\"><\/span><span class=\"ubtn-data ubtn-text \" ><\/span><\/button><\/a><\/div>[vc_empty_space height=&#8221;6.063em&#8221;]<div class=\" ubtn-ctn-center \"><a class=\"ubtn-link ult-adjust-bottom-margin ubtn-center ubtn-custom \" href=\"https:\/\/www.riff-systemhaus.online\/\" ><button type=\"button\" id=\"ubtn-7334\"  class=\"ubtn ult-adjust-bottom-margin ult-responsive ubtn-custom ubtn-no-hover-bg  none  ubtn-sep-icon ubtn-sep-icon-at-left  ubtn-center  ubtn-only-icon   tooltip-69e1f4ca8aacf ubtn-tooltip left\" data-toggle=\"tooltip\" data-placement=\"left\" title=\"Home\" data-hover=\"\" data-border-color=\"\" data-bg=\"\" data-hover-bg=\"\" data-border-hover=\"\" data-shadow-hover=\"\" data-shadow-click=\"none\" data-shadow=\"\" data-shd-shadow=\"\"  data-ultimate-target='#ubtn-7334'  data-responsive-json-new='{\"font-size\":\"\",\"line-height\":\"\"}'  style=\"font-weight:normal;width:px;min-height:px;padding:px px;border:none;\"><span class=\"ubtn-data ubtn-icon\"><i class=\"icomoon-the7-font-the7-home-00\" style=\"font-size:25px;color:#000000;\"><\/i><\/span><span class=\"ubtn-hover\" style=\"background-color:\"><\/span><span class=\"ubtn-data ubtn-text \" ><\/span><\/button><\/a><\/div><\/div><div class=\"ult-space\"><\/div><\/div><\/div>[\/vc_column][\/vc_row]<\/p>\n","protected":false},"excerpt":{"rendered":"<p>[vc_row][vc_column][vc_empty_space height=&#8221;6.25em&#8221; el_class=&#8221;empty_space_top&#8221;][\/vc_column][vc_column width=&#8221;1\/2&#8243;][vc_column_text] Oprogramowanie dla technologii spawania [\/vc_column_text][vc_empty_space height=&#8221;1.875em&#8221;][vc_column_text] Od ponad 25 lat tworzymy oprogramowanie dla technologii spawania, in\u017cynierii zak\u0142adowej i specyficznych wymaga\u0144 klient\u00f3w. Od rozwi\u0105za\u0144 dla pojedynczych u\u017cytkownik\u00f3w do du\u017cych aplikacji sieciowych i aplikacji internetowych wykorzystuj\u0105cych urz\u0105dzenia mobilne, takie jak smartfony i tablety PC. [\/vc_column_text][vc_column_text] ! Oznaczamy MADE IN GERMANY. Jako\u015b\u0107, kt\u00f3ra si\u0119&hellip;<\/p>\n","protected":false},"author":6,"featured_media":0,"parent":0,"menu_order":0,"comment_status":"closed","ping_status":"closed","template":"","meta":[],"yoast_head":"<!-- This site is optimized with the Yoast SEO plugin v20.4 - https:\/\/yoast.com\/wordpress\/plugins\/seo\/ -->\n<title>Software f\u00fcr die Schwei\u00dftechnik - Riff Systemhaus - Bitstore Dorsten GmbH<\/title>\n<meta name=\"robots\" content=\"index, follow, max-snippet:-1, max-image-preview:large, max-video-preview:-1\" \/>\n<link rel=\"canonical\" href=\"https:\/\/www.riff-systemhaus.online\/pl\/software-fuer-die-schweisstechnik\/\" \/>\n<meta property=\"og:locale\" content=\"pl_PL\" \/>\n<meta property=\"og:type\" content=\"article\" \/>\n<meta property=\"og:title\" content=\"Software f\u00fcr die Schwei\u00dftechnik - Riff Systemhaus - Bitstore Dorsten GmbH\" \/>\n<meta property=\"og:description\" content=\"[vc_row][vc_column][vc_empty_space height=&#8221;6.25em&#8221; el_class=&#8221;empty_space_top&#8221;][\/vc_column][vc_column width=&#8221;1\/2&#8243;][vc_column_text] Oprogramowanie dla technologii spawania [\/vc_column_text][vc_empty_space height=&#8221;1.875em&#8221;][vc_column_text] Od ponad 25 lat tworzymy oprogramowanie dla technologii spawania, in\u017cynierii zak\u0142adowej i specyficznych wymaga\u0144 klient\u00f3w. Od rozwi\u0105za\u0144 dla pojedynczych u\u017cytkownik\u00f3w do du\u017cych aplikacji sieciowych i aplikacji internetowych wykorzystuj\u0105cych urz\u0105dzenia mobilne, takie jak smartfony i tablety PC. [\/vc_column_text][vc_column_text] ! Oznaczamy MADE IN GERMANY. Jako\u015b\u0107, kt\u00f3ra si\u0119&hellip;\" \/>\n<meta property=\"og:url\" content=\"https:\/\/www.riff-systemhaus.online\/pl\/software-fuer-die-schweisstechnik\/\" \/>\n<meta property=\"og:site_name\" content=\"Riff Systemhaus - Bitstore Dorsten GmbH\" \/>\n<meta property=\"article:publisher\" content=\"https:\/\/de-de.facebook.com\/RIFFSystemhaus\/\" \/>\n<meta property=\"article:modified_time\" content=\"2021-12-20T10:30:28+00:00\" \/>\n<meta name=\"twitter:card\" content=\"summary_large_image\" \/>\n<meta name=\"twitter:label1\" content=\"Szacowany czas czytania\" \/>\n\t<meta name=\"twitter:data1\" content=\"1 minuta\" \/>\n<script type=\"application\/ld+json\" class=\"yoast-schema-graph\">{\"@context\":\"https:\/\/schema.org\",\"@graph\":[{\"@type\":\"WebPage\",\"@id\":\"https:\/\/www.riff-systemhaus.online\/pl\/software-fuer-die-schweisstechnik\/\",\"url\":\"https:\/\/www.riff-systemhaus.online\/pl\/software-fuer-die-schweisstechnik\/\",\"name\":\"Software f\u00fcr die Schwei\u00dftechnik - Riff Systemhaus - Bitstore Dorsten GmbH\",\"isPartOf\":{\"@id\":\"https:\/\/www.riff-systemhaus.online\/#website\"},\"datePublished\":\"2021-09-22T13:47:04+00:00\",\"dateModified\":\"2021-12-20T10:30:28+00:00\",\"breadcrumb\":{\"@id\":\"https:\/\/www.riff-systemhaus.online\/pl\/software-fuer-die-schweisstechnik\/#breadcrumb\"},\"inLanguage\":\"pl-PL\",\"potentialAction\":[{\"@type\":\"ReadAction\",\"target\":[\"https:\/\/www.riff-systemhaus.online\/pl\/software-fuer-die-schweisstechnik\/\"]}]},{\"@type\":\"BreadcrumbList\",\"@id\":\"https:\/\/www.riff-systemhaus.online\/pl\/software-fuer-die-schweisstechnik\/#breadcrumb\",\"itemListElement\":[{\"@type\":\"ListItem\",\"position\":1,\"name\":\"Startseite\",\"item\":\"https:\/\/www.riff-systemhaus.online\/pl\/home-2\/\"},{\"@type\":\"ListItem\",\"position\":2,\"name\":\"Software f\u00fcr die Schwei\u00dftechnik\"}]},{\"@type\":\"WebSite\",\"@id\":\"https:\/\/www.riff-systemhaus.online\/#website\",\"url\":\"https:\/\/www.riff-systemhaus.online\/\",\"name\":\"Riff Systemhaus - Bitstore Dorsten GmbH\",\"description\":\"Erstellen von Schwei\u00dfanweisungen - WPS, Verfahrenspr\u00fcfungen - VP und Schwei\u00dfer mit Zeugnissen\",\"publisher\":{\"@id\":\"https:\/\/www.riff-systemhaus.online\/#organization\"},\"potentialAction\":[{\"@type\":\"SearchAction\",\"target\":{\"@type\":\"EntryPoint\",\"urlTemplate\":\"https:\/\/www.riff-systemhaus.online\/?s={search_term_string}\"},\"query-input\":\"required name=search_term_string\"}],\"inLanguage\":\"pl-PL\"},{\"@type\":\"Organization\",\"@id\":\"https:\/\/www.riff-systemhaus.online\/#organization\",\"name\":\"RIFF Systemhaus GmbH\",\"url\":\"https:\/\/www.riff-systemhaus.online\/\",\"logo\":{\"@type\":\"ImageObject\",\"inLanguage\":\"pl-PL\",\"@id\":\"https:\/\/www.riff-systemhaus.online\/#\/schema\/logo\/image\/\",\"url\":\"https:\/\/www.riff-systemhaus.online\/wp-content\/uploads\/2016\/04\/riffLogo_middle-1.png\",\"contentUrl\":\"https:\/\/www.riff-systemhaus.online\/wp-content\/uploads\/2016\/04\/riffLogo_middle-1.png\",\"width\":203,\"height\":55,\"caption\":\"RIFF Systemhaus GmbH\"},\"image\":{\"@id\":\"https:\/\/www.riff-systemhaus.online\/#\/schema\/logo\/image\/\"},\"sameAs\":[\"https:\/\/de-de.facebook.com\/RIFFSystemhaus\/\",\"https:\/\/www.youtube.com\/channel\/UCq9qBcJPc3AVGrCQn6qlqXQ\"]}]}<\/script>\n<!-- \/ Yoast SEO plugin. -->","yoast_head_json":{"title":"Software f\u00fcr die Schwei\u00dftechnik - Riff Systemhaus - Bitstore Dorsten GmbH","robots":{"index":"index","follow":"follow","max-snippet":"max-snippet:-1","max-image-preview":"max-image-preview:large","max-video-preview":"max-video-preview:-1"},"canonical":"https:\/\/www.riff-systemhaus.online\/pl\/software-fuer-die-schweisstechnik\/","og_locale":"pl_PL","og_type":"article","og_title":"Software f\u00fcr die Schwei\u00dftechnik - Riff Systemhaus - Bitstore Dorsten GmbH","og_description":"[vc_row][vc_column][vc_empty_space height=&#8221;6.25em&#8221; el_class=&#8221;empty_space_top&#8221;][\/vc_column][vc_column width=&#8221;1\/2&#8243;][vc_column_text] Oprogramowanie dla technologii spawania [\/vc_column_text][vc_empty_space height=&#8221;1.875em&#8221;][vc_column_text] Od ponad 25 lat tworzymy oprogramowanie dla technologii spawania, in\u017cynierii zak\u0142adowej i specyficznych wymaga\u0144 klient\u00f3w. Od rozwi\u0105za\u0144 dla pojedynczych u\u017cytkownik\u00f3w do du\u017cych aplikacji sieciowych i aplikacji internetowych wykorzystuj\u0105cych urz\u0105dzenia mobilne, takie jak smartfony i tablety PC. [\/vc_column_text][vc_column_text] ! Oznaczamy MADE IN GERMANY. Jako\u015b\u0107, kt\u00f3ra si\u0119&hellip;","og_url":"https:\/\/www.riff-systemhaus.online\/pl\/software-fuer-die-schweisstechnik\/","og_site_name":"Riff Systemhaus - Bitstore Dorsten GmbH","article_publisher":"https:\/\/de-de.facebook.com\/RIFFSystemhaus\/","article_modified_time":"2021-12-20T10:30:28+00:00","twitter_card":"summary_large_image","twitter_misc":{"Szacowany czas czytania":"1 minuta"},"schema":{"@context":"https:\/\/schema.org","@graph":[{"@type":"WebPage","@id":"https:\/\/www.riff-systemhaus.online\/pl\/software-fuer-die-schweisstechnik\/","url":"https:\/\/www.riff-systemhaus.online\/pl\/software-fuer-die-schweisstechnik\/","name":"Software f\u00fcr die Schwei\u00dftechnik - Riff Systemhaus - Bitstore Dorsten GmbH","isPartOf":{"@id":"https:\/\/www.riff-systemhaus.online\/#website"},"datePublished":"2021-09-22T13:47:04+00:00","dateModified":"2021-12-20T10:30:28+00:00","breadcrumb":{"@id":"https:\/\/www.riff-systemhaus.online\/pl\/software-fuer-die-schweisstechnik\/#breadcrumb"},"inLanguage":"pl-PL","potentialAction":[{"@type":"ReadAction","target":["https:\/\/www.riff-systemhaus.online\/pl\/software-fuer-die-schweisstechnik\/"]}]},{"@type":"BreadcrumbList","@id":"https:\/\/www.riff-systemhaus.online\/pl\/software-fuer-die-schweisstechnik\/#breadcrumb","itemListElement":[{"@type":"ListItem","position":1,"name":"Startseite","item":"https:\/\/www.riff-systemhaus.online\/pl\/home-2\/"},{"@type":"ListItem","position":2,"name":"Software f\u00fcr die Schwei\u00dftechnik"}]},{"@type":"WebSite","@id":"https:\/\/www.riff-systemhaus.online\/#website","url":"https:\/\/www.riff-systemhaus.online\/","name":"Riff Systemhaus - Bitstore Dorsten GmbH","description":"Erstellen von Schwei\u00dfanweisungen - WPS, Verfahrenspr\u00fcfungen - VP und Schwei\u00dfer mit Zeugnissen","publisher":{"@id":"https:\/\/www.riff-systemhaus.online\/#organization"},"potentialAction":[{"@type":"SearchAction","target":{"@type":"EntryPoint","urlTemplate":"https:\/\/www.riff-systemhaus.online\/?s={search_term_string}"},"query-input":"required name=search_term_string"}],"inLanguage":"pl-PL"},{"@type":"Organization","@id":"https:\/\/www.riff-systemhaus.online\/#organization","name":"RIFF Systemhaus GmbH","url":"https:\/\/www.riff-systemhaus.online\/","logo":{"@type":"ImageObject","inLanguage":"pl-PL","@id":"https:\/\/www.riff-systemhaus.online\/#\/schema\/logo\/image\/","url":"https:\/\/www.riff-systemhaus.online\/wp-content\/uploads\/2016\/04\/riffLogo_middle-1.png","contentUrl":"https:\/\/www.riff-systemhaus.online\/wp-content\/uploads\/2016\/04\/riffLogo_middle-1.png","width":203,"height":55,"caption":"RIFF Systemhaus GmbH"},"image":{"@id":"https:\/\/www.riff-systemhaus.online\/#\/schema\/logo\/image\/"},"sameAs":["https:\/\/de-de.facebook.com\/RIFFSystemhaus\/","https:\/\/www.youtube.com\/channel\/UCq9qBcJPc3AVGrCQn6qlqXQ"]}]}},"_links":{"self":[{"href":"https:\/\/www.riff-systemhaus.online\/pl\/wp-json\/wp\/v2\/pages\/19483"}],"collection":[{"href":"https:\/\/www.riff-systemhaus.online\/pl\/wp-json\/wp\/v2\/pages"}],"about":[{"href":"https:\/\/www.riff-systemhaus.online\/pl\/wp-json\/wp\/v2\/types\/page"}],"author":[{"embeddable":true,"href":"https:\/\/www.riff-systemhaus.online\/pl\/wp-json\/wp\/v2\/users\/6"}],"replies":[{"embeddable":true,"href":"https:\/\/www.riff-systemhaus.online\/pl\/wp-json\/wp\/v2\/comments?post=19483"}],"version-history":[{"count":2,"href":"https:\/\/www.riff-systemhaus.online\/pl\/wp-json\/wp\/v2\/pages\/19483\/revisions"}],"predecessor-version":[{"id":19559,"href":"https:\/\/www.riff-systemhaus.online\/pl\/wp-json\/wp\/v2\/pages\/19483\/revisions\/19559"}],"wp:attachment":[{"href":"https:\/\/www.riff-systemhaus.online\/pl\/wp-json\/wp\/v2\/media?parent=19483"}],"curies":[{"name":"wp","href":"https:\/\/api.w.org\/{rel}","templated":true}]}}