
{"id":19479,"date":"2021-09-22T15:45:18","date_gmt":"2021-09-22T13:45:18","guid":{"rendered":"https:\/\/www.riff-systemhaus.online\/produkte-von-riff\/"},"modified":"2021-12-20T10:02:37","modified_gmt":"2021-12-20T09:02:37","slug":"produkte-von-riff","status":"publish","type":"page","link":"https:\/\/www.riff-systemhaus.online\/pl\/produkte-von-riff\/","title":{"rendered":"Produkte von Riff"},"content":{"rendered":"<p>[vc_row][vc_column][vc_empty_space height=&#8221;3.125em&#8221; el_class=&#8221;empty_space_top&#8221;][vc_column_text]<\/p>\n<p style=\"color: #14afb4; font-size: 2.75em;\">Produkty od Riff<\/p>\n<p>[\/vc_column_text][vc_empty_space height=&#8221;3.125em&#8221;][\/vc_column][\/vc_row][vc_row][vc_column width=&#8221;1\/3&#8243;][vc_column_text el_class=&#8221;weldweb&#8221;]<\/p>\n<p style=\"margin-bottom: 1em; font-size: 2.75em; color: #14afb4;\">WELD<sup>WEB<\/sup><\/p>\n<p style=\"color: #262626; font-size: 1.15em; line-height: 1.4em;\">Dzi\u0119ki WELD<sup>WEB<\/sup> oprogramowanie spawalnicze WELD<sup>RX<\/sup> kt\u00f3re by\u0142o ju\u017c z powodzeniem stosowane w wielu krajowych i mi\u0119dzynarodowych firmach, zosta\u0142o dalej rozwini\u0119te technicznie.<\/p>\n<p style=\"color: #262626; font-size: 1.15em;\">LITE | BASIC | CUSTOMIZED<\/p>\n<p>[\/vc_column_text]<div class=\" ubtn-ctn-center button_readmore\"><a class=\"ubtn-link ult-adjust-bottom-margin ubtn-center ubtn-custom button_readmore\" href=\"https:\/\/www.riff-systemhaus.online\/weld-web\/\" ><button type=\"button\" id=\"ubtn-2458\"  class=\"ubtn ult-adjust-bottom-margin ult-responsive ubtn-custom ubtn-no-hover-bg  none  ubtn-center   tooltip-69e2ff9267c68\"  data-hover=\"\" data-border-color=\"#14afb4\" data-bg=\"#ffffff\" data-hover-bg=\"\" data-border-hover=\"\" data-shadow-hover=\"\" data-shadow-click=\"none\" data-shadow=\"\" data-shd-shadow=\"\"  data-ultimate-target='#ubtn-2458'  data-responsive-json-new='{\"font-size\":\"\",\"line-height\":\"\"}'  style=\"font-weight:normal;width:486px;min-height:80px;padding:px px;border-radius:0px;border-width:3px;border-color:#14afb4;border-style:solid;background: #ffffff;color: #808080;\"><span class=\"ubtn-hover\" style=\"background-color:\"><\/span><span class=\"ubtn-data ubtn-text \" >read more<\/span><\/button><\/a><\/div>[\/vc_column][vc_column width=&#8221;1\/3&#8243;][vc_column_text el_class=&#8221;weldweb&#8221;]<\/p>\n<p style=\"margin-bottom: 1em; font-size: 2.75em; color: #14afb4;\">BIMAS<sup>WEB<\/sup><\/p>\n<p style=\"color: #262626; font-size: 1.15em; line-height: 1.4em;\">W rozw\u00f3j BIMAS<sup>WEB<\/sup> w\u0142o\u017cono wiele lat pracy programistycznej i know-how do\u015bwiadczonych in\u017cynier\u00f3w.<br \/>\nBIMAS<sup>WEB<\/sup> jest stale rozwijany. Doprowadzi\u0142o to do wysokiego poziomu akceptacji programu w\u015br\u00f3d u\u017cytkownik\u00f3w.<\/p>\n<p>[\/vc_column_text]<div class=\" ubtn-ctn-center button_readmore\"><a class=\"ubtn-link ult-adjust-bottom-margin ubtn-center ubtn-custom button_readmore\" href=\"https:\/\/www.riff-systemhaus.online\/bimas-web\/\" ><button type=\"button\" id=\"ubtn-8648\"  class=\"ubtn ult-adjust-bottom-margin ult-responsive ubtn-custom ubtn-no-hover-bg  none  ubtn-center   tooltip-69e2ff9267d08\"  data-hover=\"\" data-border-color=\"#14afb4\" data-bg=\"#ffffff\" data-hover-bg=\"\" data-border-hover=\"\" data-shadow-hover=\"\" data-shadow-click=\"none\" data-shadow=\"\" data-shd-shadow=\"\"  data-ultimate-target='#ubtn-8648'  data-responsive-json-new='{\"font-size\":\"\",\"line-height\":\"\"}'  style=\"font-weight:normal;width:486px;min-height:80px;padding:px px;border-radius:0px;border-width:3px;border-color:#14afb4;border-style:solid;background: #ffffff;color: #808080;\"><span class=\"ubtn-hover\" style=\"background-color:\"><\/span><span class=\"ubtn-data ubtn-text \" >read more<\/span><\/button><\/a><\/div>[\/vc_column][vc_column width=&#8221;1\/3&#8243;][vc_column_text el_class=&#8221;weldweb&#8221;]<\/p>\n<p style=\"margin-bottom: 1em; font-size: 2.75em; color: #14afb4;\">EN 1090<sup>WEB<\/sup><\/p>\n<p style=\"color: #262626; font-size: 1.15em; line-height: 1.4em;\">EN 1090<sup>WEB<\/sup> wspiera Pa\u0144stwa, jako producenta konstrukcji stalowych zgodnie z norm\u0105 DIN EN 1090, w tworzeniu i utrzymywaniu systemu zak\u0142adowej kontroli produkcji (FPC).<\/p>\n<p>[\/vc_column_text]<div class=\" ubtn-ctn-center button_readmore\"><a class=\"ubtn-link ult-adjust-bottom-margin ubtn-center ubtn-custom button_readmore\" href=\"https:\/\/www.riff-systemhaus.online\/en-1090-web\/\" ><button type=\"button\" id=\"ubtn-5543\"  class=\"ubtn ult-adjust-bottom-margin ult-responsive ubtn-custom ubtn-no-hover-bg  none  ubtn-center   tooltip-69e2ff9267d78\"  data-hover=\"\" data-border-color=\"#14afb4\" data-bg=\"#ffffff\" data-hover-bg=\"\" data-border-hover=\"\" data-shadow-hover=\"\" data-shadow-click=\"none\" data-shadow=\"\" data-shd-shadow=\"\"  data-ultimate-target='#ubtn-5543'  data-responsive-json-new='{\"font-size\":\"\",\"line-height\":\"\"}'  style=\"font-weight:normal;width:486px;min-height:80px;padding:px px;border-radius:0px;border-width:3px;border-color:#14afb4;border-style:solid;background: #ffffff;color: #808080;\"><span class=\"ubtn-hover\" style=\"background-color:\"><\/span><span class=\"ubtn-data ubtn-text \" >read more<\/span><\/button><\/a><\/div>[\/vc_column][\/vc_row][vc_row][vc_column]<div class=\"ult_row_spacer\"><div class=\"ult-sticky-anchor\"><div class=\"ult-sticky-section ult-sticky sticky\"  data-gutter= '15' data-stick_behaviour= 'stick_permanent' data-lr_position= 'right'  data-lr_value= '2em'  data-sticky_width= 'customwidth'55px data-sticky_customwidth= '55px' data-sticky_position= 'top' data-mobile='no' data-support='no'><div class=\" ubtn-ctn-center btn_signIn\"><span class=\"ubtn-center\"><button type=\"button\" id=\"ubtn-9931\"  class=\"ubtn ult-adjust-bottom-margin ult-responsive ubtn-custom ubtn-no-hover-bg  none  ubtn-sep-icon ubtn-sep-icon-at-left  ubtn-center  ubtn-only-icon btn_signIn  tooltip-69e2ff9267e91 ubtn-tooltip left\" data-toggle=\"tooltip\" data-placement=\"left\" title=\"Log in\" data-hover=\"\" data-border-color=\"\" data-bg=\"\" data-hover-bg=\"\" data-border-hover=\"\" data-shadow-hover=\"\" data-shadow-click=\"none\" data-shadow=\"\" data-shd-shadow=\"\"  data-ultimate-target='#ubtn-9931'  data-responsive-json-new='{\"font-size\":\"\",\"line-height\":\"\"}'  style=\"font-weight:normal;width:px;min-height:px;padding:px px;border:none;\"><span class=\"ubtn-data ubtn-icon\"><i class=\"fas fa-sign-in-alt\" style=\"font-size:25px;color:#000000;\"><\/i><\/span><span class=\"ubtn-hover\" style=\"background-color:\"><\/span><span class=\"ubtn-data ubtn-text \" ><\/span><\/button><\/span><\/div><div class=\" ubtn-ctn-center \"><a class=\"ubtn-link ult-adjust-bottom-margin ubtn-center ubtn-custom \" href=\"https:\/\/www.riff-systemhaus.online\/kontakt\/\" ><button type=\"button\" id=\"ubtn-2740\"  class=\"ubtn ult-adjust-bottom-margin ult-responsive ubtn-custom ubtn-no-hover-bg  none  ubtn-sep-icon ubtn-sep-icon-at-left  ubtn-center  ubtn-only-icon   tooltip-69e2ff9267f0d ubtn-tooltip left\" data-toggle=\"tooltip\" data-placement=\"left\" title=\"Mail\" data-hover=\"\" data-border-color=\"\" data-bg=\"\" data-hover-bg=\"\" data-border-hover=\"\" data-shadow-hover=\"\" data-shadow-click=\"none\" data-shadow=\"\" data-shd-shadow=\"\"  data-ultimate-target='#ubtn-2740'  data-responsive-json-new='{\"font-size\":\"\",\"line-height\":\"\"}'  style=\"font-weight:normal;width:px;min-height:px;padding:px px;border:none;\"><span class=\"ubtn-data ubtn-icon\"><i class=\"icomoon-the7-font-the7-mail-01\" style=\"font-size:25px;color:#000000;\"><\/i><\/span><span class=\"ubtn-hover\" style=\"background-color:\"><\/span><span class=\"ubtn-data ubtn-text \" ><\/span><\/button><\/a><\/div><div class=\" ubtn-ctn-center \"><a class=\"ubtn-link ult-adjust-bottom-margin ubtn-center ubtn-custom \" href=\"tel:004923665699090\" ><button type=\"button\" id=\"ubtn-8274\"  class=\"ubtn ult-adjust-bottom-margin ult-responsive ubtn-custom ubtn-no-hover-bg  none  ubtn-sep-icon ubtn-sep-icon-at-left  ubtn-center  ubtn-only-icon   tooltip-69e2ff9267f8d ubtn-tooltip left\" data-toggle=\"tooltip\" data-placement=\"left\" title=\"Phone\" data-hover=\"\" data-border-color=\"\" data-bg=\"\" data-hover-bg=\"\" data-border-hover=\"\" data-shadow-hover=\"\" data-shadow-click=\"none\" data-shadow=\"\" data-shd-shadow=\"\"  data-ultimate-target='#ubtn-8274'  data-responsive-json-new='{\"font-size\":\"\",\"line-height\":\"\"}'  style=\"font-weight:normal;width:px;min-height:px;padding:px px;border:none;\"><span class=\"ubtn-data ubtn-icon\"><i class=\"icomoon-the7-font-the7-phone-05\" style=\"font-size:25px;color:#000000;\"><\/i><\/span><span class=\"ubtn-hover\" style=\"background-color:\"><\/span><span class=\"ubtn-data ubtn-text \" ><\/span><\/button><\/a><\/div><div class=\" ubtn-ctn-center \"><a class=\"ubtn-link ult-adjust-bottom-margin ubtn-center ubtn-custom \" href=\"https:\/\/www.riff-systemhaus.online\/infos\/\" ><button type=\"button\" id=\"ubtn-5145\"  class=\"ubtn ult-adjust-bottom-margin ult-responsive ubtn-custom ubtn-no-hover-bg  none  ubtn-sep-icon ubtn-sep-icon-at-left  ubtn-center  ubtn-only-icon   tooltip-69e2ff9267ffb ubtn-tooltip left\" data-toggle=\"tooltip\" data-placement=\"left\" title=\"Impressum\" data-hover=\"\" data-border-color=\"\" data-bg=\"\" data-hover-bg=\"\" data-border-hover=\"\" data-shadow-hover=\"\" data-shadow-click=\"none\" data-shadow=\"\" data-shd-shadow=\"\"  data-ultimate-target='#ubtn-5145'  data-responsive-json-new='{\"font-size\":\"\",\"line-height\":\"\"}'  style=\"font-weight:normal;width:px;min-height:px;padding:px px;border:none;\"><span class=\"ubtn-data ubtn-icon\"><i class=\"fas fa-info-circle\" style=\"font-size:25px;color:#000000;\"><\/i><\/span><span class=\"ubtn-hover\" style=\"background-color:\"><\/span><span class=\"ubtn-data ubtn-text \" ><\/span><\/button><\/a><\/div>[vc_empty_space height=&#8221;6.063em&#8221;]<div class=\" ubtn-ctn-center \"><a class=\"ubtn-link ult-adjust-bottom-margin ubtn-center ubtn-custom \" href=\"https:\/\/www.riff-systemhaus.online\/\" ><button type=\"button\" id=\"ubtn-5485\"  class=\"ubtn ult-adjust-bottom-margin ult-responsive ubtn-custom ubtn-no-hover-bg  none  ubtn-sep-icon ubtn-sep-icon-at-left  ubtn-center  ubtn-only-icon   tooltip-69e2ff9268089 ubtn-tooltip left\" data-toggle=\"tooltip\" data-placement=\"left\" title=\"Home\" data-hover=\"\" data-border-color=\"\" data-bg=\"\" data-hover-bg=\"\" data-border-hover=\"\" data-shadow-hover=\"\" data-shadow-click=\"none\" data-shadow=\"\" data-shd-shadow=\"\"  data-ultimate-target='#ubtn-5485'  data-responsive-json-new='{\"font-size\":\"\",\"line-height\":\"\"}'  style=\"font-weight:normal;width:px;min-height:px;padding:px px;border:none;\"><span class=\"ubtn-data ubtn-icon\"><i class=\"icomoon-the7-font-the7-home-00\" style=\"font-size:25px;color:#000000;\"><\/i><\/span><span class=\"ubtn-hover\" style=\"background-color:\"><\/span><span class=\"ubtn-data ubtn-text \" ><\/span><\/button><\/a><\/div><\/div><div class=\"ult-space\"><\/div><\/div><\/div>[\/vc_column][\/vc_row]<\/p>\n","protected":false},"excerpt":{"rendered":"<p>[vc_row][vc_column][vc_empty_space height=&#8221;3.125em&#8221; el_class=&#8221;empty_space_top&#8221;][vc_column_text] Produkty od Riff [\/vc_column_text][vc_empty_space height=&#8221;3.125em&#8221;][\/vc_column][\/vc_row][vc_row][vc_column width=&#8221;1\/3&#8243;][vc_column_text el_class=&#8221;weldweb&#8221;] WELDWEB Dzi\u0119ki WELDWEB oprogramowanie spawalnicze WELDRX kt\u00f3re by\u0142o ju\u017c z powodzeniem stosowane w wielu krajowych i mi\u0119dzynarodowych firmach, zosta\u0142o dalej rozwini\u0119te technicznie. LITE | BASIC | CUSTOMIZED [\/vc_column_text][\/vc_column][vc_column width=&#8221;1\/3&#8243;][vc_column_text el_class=&#8221;weldweb&#8221;] BIMASWEB W rozw\u00f3j BIMASWEB w\u0142o\u017cono wiele lat pracy programistycznej i know-how do\u015bwiadczonych in\u017cynier\u00f3w. BIMASWEB jest&hellip;<\/p>\n","protected":false},"author":6,"featured_media":0,"parent":0,"menu_order":0,"comment_status":"closed","ping_status":"closed","template":"","meta":[],"yoast_head":"<!-- This site is optimized with the Yoast SEO plugin v20.4 - https:\/\/yoast.com\/wordpress\/plugins\/seo\/ -->\n<title>Produkte von Riff - Riff Systemhaus - Bitstore Dorsten GmbH<\/title>\n<meta name=\"robots\" content=\"index, follow, max-snippet:-1, max-image-preview:large, max-video-preview:-1\" \/>\n<link rel=\"canonical\" href=\"https:\/\/www.riff-systemhaus.online\/pl\/produkte-von-riff\/\" \/>\n<meta property=\"og:locale\" content=\"pl_PL\" \/>\n<meta property=\"og:type\" content=\"article\" \/>\n<meta property=\"og:title\" content=\"Produkte von Riff - Riff Systemhaus - Bitstore Dorsten GmbH\" \/>\n<meta property=\"og:description\" content=\"[vc_row][vc_column][vc_empty_space height=&#8221;3.125em&#8221; el_class=&#8221;empty_space_top&#8221;][vc_column_text] Produkty od Riff [\/vc_column_text][vc_empty_space height=&#8221;3.125em&#8221;][\/vc_column][\/vc_row][vc_row][vc_column width=&#8221;1\/3&#8243;][vc_column_text el_class=&#8221;weldweb&#8221;] WELDWEB Dzi\u0119ki WELDWEB oprogramowanie spawalnicze WELDRX kt\u00f3re by\u0142o ju\u017c z powodzeniem stosowane w wielu krajowych i mi\u0119dzynarodowych firmach, zosta\u0142o dalej rozwini\u0119te technicznie. LITE | BASIC | CUSTOMIZED [\/vc_column_text][\/vc_column][vc_column width=&#8221;1\/3&#8243;][vc_column_text el_class=&#8221;weldweb&#8221;] BIMASWEB W rozw\u00f3j BIMASWEB w\u0142o\u017cono wiele lat pracy programistycznej i know-how do\u015bwiadczonych in\u017cynier\u00f3w. BIMASWEB jest&hellip;\" \/>\n<meta property=\"og:url\" content=\"https:\/\/www.riff-systemhaus.online\/pl\/produkte-von-riff\/\" \/>\n<meta property=\"og:site_name\" content=\"Riff Systemhaus - Bitstore Dorsten GmbH\" \/>\n<meta property=\"article:publisher\" content=\"https:\/\/de-de.facebook.com\/RIFFSystemhaus\/\" \/>\n<meta property=\"article:modified_time\" content=\"2021-12-20T09:02:37+00:00\" \/>\n<meta name=\"twitter:card\" content=\"summary_large_image\" \/>\n<meta name=\"twitter:label1\" content=\"Szacowany czas czytania\" \/>\n\t<meta name=\"twitter:data1\" content=\"2 minuty\" \/>\n<script type=\"application\/ld+json\" class=\"yoast-schema-graph\">{\"@context\":\"https:\/\/schema.org\",\"@graph\":[{\"@type\":\"WebPage\",\"@id\":\"https:\/\/www.riff-systemhaus.online\/pl\/produkte-von-riff\/\",\"url\":\"https:\/\/www.riff-systemhaus.online\/pl\/produkte-von-riff\/\",\"name\":\"Produkte von Riff - Riff Systemhaus - Bitstore Dorsten GmbH\",\"isPartOf\":{\"@id\":\"https:\/\/www.riff-systemhaus.online\/#website\"},\"datePublished\":\"2021-09-22T13:45:18+00:00\",\"dateModified\":\"2021-12-20T09:02:37+00:00\",\"breadcrumb\":{\"@id\":\"https:\/\/www.riff-systemhaus.online\/pl\/produkte-von-riff\/#breadcrumb\"},\"inLanguage\":\"pl-PL\",\"potentialAction\":[{\"@type\":\"ReadAction\",\"target\":[\"https:\/\/www.riff-systemhaus.online\/pl\/produkte-von-riff\/\"]}]},{\"@type\":\"BreadcrumbList\",\"@id\":\"https:\/\/www.riff-systemhaus.online\/pl\/produkte-von-riff\/#breadcrumb\",\"itemListElement\":[{\"@type\":\"ListItem\",\"position\":1,\"name\":\"Startseite\",\"item\":\"https:\/\/www.riff-systemhaus.online\/pl\/\"},{\"@type\":\"ListItem\",\"position\":2,\"name\":\"Produkte von Riff\"}]},{\"@type\":\"WebSite\",\"@id\":\"https:\/\/www.riff-systemhaus.online\/#website\",\"url\":\"https:\/\/www.riff-systemhaus.online\/\",\"name\":\"Riff Systemhaus - Bitstore Dorsten GmbH\",\"description\":\"Erstellen von Schwei\u00dfanweisungen - WPS, Verfahrenspr\u00fcfungen - VP und Schwei\u00dfer mit Zeugnissen\",\"publisher\":{\"@id\":\"https:\/\/www.riff-systemhaus.online\/#organization\"},\"potentialAction\":[{\"@type\":\"SearchAction\",\"target\":{\"@type\":\"EntryPoint\",\"urlTemplate\":\"https:\/\/www.riff-systemhaus.online\/?s={search_term_string}\"},\"query-input\":\"required name=search_term_string\"}],\"inLanguage\":\"pl-PL\"},{\"@type\":\"Organization\",\"@id\":\"https:\/\/www.riff-systemhaus.online\/#organization\",\"name\":\"RIFF Systemhaus GmbH\",\"url\":\"https:\/\/www.riff-systemhaus.online\/\",\"logo\":{\"@type\":\"ImageObject\",\"inLanguage\":\"pl-PL\",\"@id\":\"https:\/\/www.riff-systemhaus.online\/#\/schema\/logo\/image\/\",\"url\":\"https:\/\/www.riff-systemhaus.online\/wp-content\/uploads\/2016\/04\/riffLogo_middle-1.png\",\"contentUrl\":\"https:\/\/www.riff-systemhaus.online\/wp-content\/uploads\/2016\/04\/riffLogo_middle-1.png\",\"width\":203,\"height\":55,\"caption\":\"RIFF Systemhaus GmbH\"},\"image\":{\"@id\":\"https:\/\/www.riff-systemhaus.online\/#\/schema\/logo\/image\/\"},\"sameAs\":[\"https:\/\/de-de.facebook.com\/RIFFSystemhaus\/\",\"https:\/\/www.youtube.com\/channel\/UCq9qBcJPc3AVGrCQn6qlqXQ\"]}]}<\/script>\n<!-- \/ Yoast SEO plugin. -->","yoast_head_json":{"title":"Produkte von Riff - Riff Systemhaus - Bitstore Dorsten GmbH","robots":{"index":"index","follow":"follow","max-snippet":"max-snippet:-1","max-image-preview":"max-image-preview:large","max-video-preview":"max-video-preview:-1"},"canonical":"https:\/\/www.riff-systemhaus.online\/pl\/produkte-von-riff\/","og_locale":"pl_PL","og_type":"article","og_title":"Produkte von Riff - Riff Systemhaus - Bitstore Dorsten GmbH","og_description":"[vc_row][vc_column][vc_empty_space height=&#8221;3.125em&#8221; el_class=&#8221;empty_space_top&#8221;][vc_column_text] Produkty od Riff [\/vc_column_text][vc_empty_space height=&#8221;3.125em&#8221;][\/vc_column][\/vc_row][vc_row][vc_column width=&#8221;1\/3&#8243;][vc_column_text el_class=&#8221;weldweb&#8221;] WELDWEB Dzi\u0119ki WELDWEB oprogramowanie spawalnicze WELDRX kt\u00f3re by\u0142o ju\u017c z powodzeniem stosowane w wielu krajowych i mi\u0119dzynarodowych firmach, zosta\u0142o dalej rozwini\u0119te technicznie. LITE | BASIC | CUSTOMIZED [\/vc_column_text][\/vc_column][vc_column width=&#8221;1\/3&#8243;][vc_column_text el_class=&#8221;weldweb&#8221;] BIMASWEB W rozw\u00f3j BIMASWEB w\u0142o\u017cono wiele lat pracy programistycznej i know-how do\u015bwiadczonych in\u017cynier\u00f3w. BIMASWEB jest&hellip;","og_url":"https:\/\/www.riff-systemhaus.online\/pl\/produkte-von-riff\/","og_site_name":"Riff Systemhaus - Bitstore Dorsten GmbH","article_publisher":"https:\/\/de-de.facebook.com\/RIFFSystemhaus\/","article_modified_time":"2021-12-20T09:02:37+00:00","twitter_card":"summary_large_image","twitter_misc":{"Szacowany czas czytania":"2 minuty"},"schema":{"@context":"https:\/\/schema.org","@graph":[{"@type":"WebPage","@id":"https:\/\/www.riff-systemhaus.online\/pl\/produkte-von-riff\/","url":"https:\/\/www.riff-systemhaus.online\/pl\/produkte-von-riff\/","name":"Produkte von Riff - Riff Systemhaus - Bitstore Dorsten GmbH","isPartOf":{"@id":"https:\/\/www.riff-systemhaus.online\/#website"},"datePublished":"2021-09-22T13:45:18+00:00","dateModified":"2021-12-20T09:02:37+00:00","breadcrumb":{"@id":"https:\/\/www.riff-systemhaus.online\/pl\/produkte-von-riff\/#breadcrumb"},"inLanguage":"pl-PL","potentialAction":[{"@type":"ReadAction","target":["https:\/\/www.riff-systemhaus.online\/pl\/produkte-von-riff\/"]}]},{"@type":"BreadcrumbList","@id":"https:\/\/www.riff-systemhaus.online\/pl\/produkte-von-riff\/#breadcrumb","itemListElement":[{"@type":"ListItem","position":1,"name":"Startseite","item":"https:\/\/www.riff-systemhaus.online\/pl\/"},{"@type":"ListItem","position":2,"name":"Produkte von Riff"}]},{"@type":"WebSite","@id":"https:\/\/www.riff-systemhaus.online\/#website","url":"https:\/\/www.riff-systemhaus.online\/","name":"Riff Systemhaus - Bitstore Dorsten GmbH","description":"Erstellen von Schwei\u00dfanweisungen - WPS, Verfahrenspr\u00fcfungen - VP und Schwei\u00dfer mit Zeugnissen","publisher":{"@id":"https:\/\/www.riff-systemhaus.online\/#organization"},"potentialAction":[{"@type":"SearchAction","target":{"@type":"EntryPoint","urlTemplate":"https:\/\/www.riff-systemhaus.online\/?s={search_term_string}"},"query-input":"required name=search_term_string"}],"inLanguage":"pl-PL"},{"@type":"Organization","@id":"https:\/\/www.riff-systemhaus.online\/#organization","name":"RIFF Systemhaus GmbH","url":"https:\/\/www.riff-systemhaus.online\/","logo":{"@type":"ImageObject","inLanguage":"pl-PL","@id":"https:\/\/www.riff-systemhaus.online\/#\/schema\/logo\/image\/","url":"https:\/\/www.riff-systemhaus.online\/wp-content\/uploads\/2016\/04\/riffLogo_middle-1.png","contentUrl":"https:\/\/www.riff-systemhaus.online\/wp-content\/uploads\/2016\/04\/riffLogo_middle-1.png","width":203,"height":55,"caption":"RIFF Systemhaus GmbH"},"image":{"@id":"https:\/\/www.riff-systemhaus.online\/#\/schema\/logo\/image\/"},"sameAs":["https:\/\/de-de.facebook.com\/RIFFSystemhaus\/","https:\/\/www.youtube.com\/channel\/UCq9qBcJPc3AVGrCQn6qlqXQ"]}]}},"_links":{"self":[{"href":"https:\/\/www.riff-systemhaus.online\/pl\/wp-json\/wp\/v2\/pages\/19479"}],"collection":[{"href":"https:\/\/www.riff-systemhaus.online\/pl\/wp-json\/wp\/v2\/pages"}],"about":[{"href":"https:\/\/www.riff-systemhaus.online\/pl\/wp-json\/wp\/v2\/types\/page"}],"author":[{"embeddable":true,"href":"https:\/\/www.riff-systemhaus.online\/pl\/wp-json\/wp\/v2\/users\/6"}],"replies":[{"embeddable":true,"href":"https:\/\/www.riff-systemhaus.online\/pl\/wp-json\/wp\/v2\/comments?post=19479"}],"version-history":[{"count":2,"href":"https:\/\/www.riff-systemhaus.online\/pl\/wp-json\/wp\/v2\/pages\/19479\/revisions"}],"predecessor-version":[{"id":19554,"href":"https:\/\/www.riff-systemhaus.online\/pl\/wp-json\/wp\/v2\/pages\/19479\/revisions\/19554"}],"wp:attachment":[{"href":"https:\/\/www.riff-systemhaus.online\/pl\/wp-json\/wp\/v2\/media?parent=19479"}],"curies":[{"name":"wp","href":"https:\/\/api.w.org\/{rel}","templated":true}]}}