
{"id":19484,"date":"2021-09-22T15:47:39","date_gmt":"2021-09-22T13:47:39","guid":{"rendered":"https:\/\/www.riff-systemhaus.online\/ueber-uns-2\/"},"modified":"2022-02-02T14:51:08","modified_gmt":"2022-02-02T13:51:08","slug":"ueber-uns-2","status":"publish","type":"page","link":"https:\/\/www.riff-systemhaus.online\/en\/ueber-uns-2\/","title":{"rendered":"About us"},"content":{"rendered":"<p>[vc_row][vc_column][vc_empty_space height=&#8221;6.25em&#8221; el_class=&#8221;empty_space_top&#8221;][\/vc_column][\/vc_row][vc_row][vc_column width=&#8221;2\/3&#8243;][vc_column_text]<\/p>\n<p style=\"color: #14afb4; font-size: 3em; text-align: left;\">About Us<\/p>\n<p>[\/vc_column_text][vc_empty_space height=&#8221;3.75em&#8221; el_class=&#8221;dont_show_in_mobile&#8221;][vc_column_text]<\/p>\n<p style=\"color: #262626; line-height: 1.5em; font-size: 1.1em; text-align: left;\">On 03.05.2021, the business operations of the renowned software and system house Riff Systemhaus from Herten were taken over by the Bitstore Group.<\/p>\n<p>[\/vc_column_text][vc_column_text]<\/p>\n<p style=\"color: #262626; line-height: 1.5em; font-size: 1.1em; text-align: left;\">Since 1996, Riff has been developing highly specialised software for welding technology, plant construction and specific customer requirements. Many of the power plants built in Germany and Europe were built with the help of Riff&#8217;s software. The subsequent operation as well as the maintenance of the power plants is also carried out with Riff&#8217;s software.<\/p>\n<p>[\/vc_column_text][vc_column_text]<\/p>\n<p style=\"color: #262626; line-height: 1.5em; font-size: 1.1em; text-align: left;\">The software is used worldwide by many well-known customers such as Siemens, General Electrics, Bilfinger, Hitachi, MAN, Evonik, etc.<\/p>\n<p>[\/vc_column_text][\/vc_column][vc_column width=&#8221;1\/3&#8243; el_class=&#8221;dont_show_in_mobile&#8221;][vc_single_image image=&#8221;18442&#8243; img_size=&#8221;large&#8221;][\/vc_column][\/vc_row][vc_row][vc_column width=&#8221;5\/12&#8243;][vc_column_text]<\/p>\n<p style=\"color: #14afb4; font-size: 3em; text-align: left;\">Bitstore System House Group<\/p>\n<p>[\/vc_column_text][\/vc_column][vc_column width=&#8221;7\/12&#8243;][vc_single_image image=&#8221;18443&#8243; img_size=&#8221;full&#8221; alignment=&#8221;center&#8221;][\/vc_column][\/vc_row][vc_row][vc_column width=&#8221;2\/3&#8243;][vc_column_text]<\/p>\n<p style=\"color: #262626; line-height: 1.5em; font-size: 1.1em; text-align: left;\">Martin Krizischke, the founder of the Bitstore &#8211; Group, has been active in the IT services sector since 1997 and founded<br \/>\nBitstore as a sole proprietorship in 2010.<\/p>\n<p>[\/vc_column_text][vc_column_text]<\/p>\n<p style=\"color: #262626; line-height: 1.5em; font-size: 1.1em; text-align: left;\">The Bitstore Group now includes 13 brands and 15 system and software houses at 18 different locations throughout locations throughout Germany with over 100 employees. With an annual turnover in the double-digit<br \/>\nmillion, the group is one of the most successful IT and TC specialists on the German market.<br \/>\nmarket.<\/p>\n<p>[\/vc_column_text][vc_column_text]<\/p>\n<p style=\"color: #262626; line-height: 1.5em; font-size: 1.1em; text-align: left;\">The Bitstore Group is a fully owner-managed group of companies and has no direct or indirect investments from investors. This means that long-term, sensible business decisions can be made in the interests of customers and employees without being driven by short-term and often damaging turnover and profit targets and employees without being driven by short-term and often harmful sales and profit targets.<\/p>\n<p>[\/vc_column_text][vc_empty_space height=&#8221;6.25em&#8221; el_class=&#8221;dont_show_in_mobile&#8221;][\/vc_column][vc_column width=&#8221;1\/3&#8243;][vc_single_image image=&#8221;18444&#8243; img_size=&#8221;full&#8221;][\/vc_column][\/vc_row][vc_row][vc_column]<div class=\"ult_row_spacer\"><div class=\"ult-sticky-anchor\"><div class=\"ult-sticky-section ult-sticky sticky\"  data-gutter= '15' data-stick_behaviour= 'stick_permanent' data-lr_position= 'right'  data-lr_value= '2em'  data-sticky_width= 'customwidth'55px data-sticky_customwidth= '55px' data-sticky_position= 'top' data-mobile='no' data-support='no'><div class=\" ubtn-ctn-center btn_signIn\"><span class=\"ubtn-center\"><button type=\"button\" id=\"ubtn-2307\"  class=\"ubtn ult-adjust-bottom-margin ult-responsive ubtn-custom ubtn-no-hover-bg  none  ubtn-sep-icon ubtn-sep-icon-at-left  ubtn-center  ubtn-only-icon btn_signIn  tooltip-69e68e5270a2b ubtn-tooltip left\" data-toggle=\"tooltip\" data-placement=\"left\" title=\"Log in\" data-hover=\"\" data-border-color=\"\" data-bg=\"\" data-hover-bg=\"\" data-border-hover=\"\" data-shadow-hover=\"\" data-shadow-click=\"none\" data-shadow=\"\" data-shd-shadow=\"\"  data-ultimate-target='#ubtn-2307'  data-responsive-json-new='{\"font-size\":\"\",\"line-height\":\"\"}'  style=\"font-weight:normal;width:px;min-height:px;padding:px px;border:none;\"><span class=\"ubtn-data ubtn-icon\"><i class=\"fas fa-sign-in-alt\" style=\"font-size:25px;color:#000000;\"><\/i><\/span><span class=\"ubtn-hover\" style=\"background-color:\"><\/span><span class=\"ubtn-data ubtn-text \" ><\/span><\/button><\/span><\/div><div class=\" ubtn-ctn-center \"><a class=\"ubtn-link ult-adjust-bottom-margin ubtn-center ubtn-custom \" href=\"https:\/\/www.riff-systemhaus.online\/kontakt\/\" ><button type=\"button\" id=\"ubtn-3908\"  class=\"ubtn ult-adjust-bottom-margin ult-responsive ubtn-custom ubtn-no-hover-bg  none  ubtn-sep-icon ubtn-sep-icon-at-left  ubtn-center  ubtn-only-icon   tooltip-69e68e5270b0f ubtn-tooltip left\" data-toggle=\"tooltip\" data-placement=\"left\" title=\"Mail\" data-hover=\"\" data-border-color=\"\" data-bg=\"\" data-hover-bg=\"\" data-border-hover=\"\" data-shadow-hover=\"\" data-shadow-click=\"none\" data-shadow=\"\" data-shd-shadow=\"\"  data-ultimate-target='#ubtn-3908'  data-responsive-json-new='{\"font-size\":\"\",\"line-height\":\"\"}'  style=\"font-weight:normal;width:px;min-height:px;padding:px px;border:none;\"><span class=\"ubtn-data ubtn-icon\"><i class=\"icomoon-the7-font-the7-mail-01\" style=\"font-size:25px;color:#000000;\"><\/i><\/span><span class=\"ubtn-hover\" style=\"background-color:\"><\/span><span class=\"ubtn-data ubtn-text \" ><\/span><\/button><\/a><\/div><div class=\" ubtn-ctn-center \"><a class=\"ubtn-link ult-adjust-bottom-margin ubtn-center ubtn-custom \" href=\"tel:004923665699090\" ><button type=\"button\" id=\"ubtn-5787\"  class=\"ubtn ult-adjust-bottom-margin ult-responsive ubtn-custom ubtn-no-hover-bg  none  ubtn-sep-icon ubtn-sep-icon-at-left  ubtn-center  ubtn-only-icon   tooltip-69e68e5270ba3 ubtn-tooltip left\" data-toggle=\"tooltip\" data-placement=\"left\" title=\"Phone\" data-hover=\"\" data-border-color=\"\" data-bg=\"\" data-hover-bg=\"\" data-border-hover=\"\" data-shadow-hover=\"\" data-shadow-click=\"none\" data-shadow=\"\" data-shd-shadow=\"\"  data-ultimate-target='#ubtn-5787'  data-responsive-json-new='{\"font-size\":\"\",\"line-height\":\"\"}'  style=\"font-weight:normal;width:px;min-height:px;padding:px px;border:none;\"><span class=\"ubtn-data ubtn-icon\"><i class=\"icomoon-the7-font-the7-phone-05\" style=\"font-size:25px;color:#000000;\"><\/i><\/span><span class=\"ubtn-hover\" style=\"background-color:\"><\/span><span class=\"ubtn-data ubtn-text \" ><\/span><\/button><\/a><\/div><div class=\" ubtn-ctn-center \"><a class=\"ubtn-link ult-adjust-bottom-margin ubtn-center ubtn-custom \" href=\"https:\/\/www.riff-systemhaus.online\/infos\/\" ><button type=\"button\" id=\"ubtn-7924\"  class=\"ubtn ult-adjust-bottom-margin ult-responsive ubtn-custom ubtn-no-hover-bg  none  ubtn-sep-icon ubtn-sep-icon-at-left  ubtn-center  ubtn-only-icon   tooltip-69e68e5270c15 ubtn-tooltip left\" data-toggle=\"tooltip\" data-placement=\"left\" title=\"Impressum\" data-hover=\"\" data-border-color=\"\" data-bg=\"\" data-hover-bg=\"\" data-border-hover=\"\" data-shadow-hover=\"\" data-shadow-click=\"none\" data-shadow=\"\" data-shd-shadow=\"\"  data-ultimate-target='#ubtn-7924'  data-responsive-json-new='{\"font-size\":\"\",\"line-height\":\"\"}'  style=\"font-weight:normal;width:px;min-height:px;padding:px px;border:none;\"><span class=\"ubtn-data ubtn-icon\"><i class=\"fas fa-info-circle\" style=\"font-size:25px;color:#000000;\"><\/i><\/span><span class=\"ubtn-hover\" style=\"background-color:\"><\/span><span class=\"ubtn-data ubtn-text \" ><\/span><\/button><\/a><\/div>[vc_empty_space height=&#8221;6.063em&#8221;]<div class=\" ubtn-ctn-center \"><a class=\"ubtn-link ult-adjust-bottom-margin ubtn-center ubtn-custom \" href=\"https:\/\/www.riff-systemhaus.online\/\" ><button type=\"button\" id=\"ubtn-1643\"  class=\"ubtn ult-adjust-bottom-margin ult-responsive ubtn-custom ubtn-no-hover-bg  none  ubtn-sep-icon ubtn-sep-icon-at-left  ubtn-center  ubtn-only-icon   tooltip-69e68e5270c83 ubtn-tooltip left\" data-toggle=\"tooltip\" data-placement=\"left\" title=\"Home\" data-hover=\"\" data-border-color=\"\" data-bg=\"\" data-hover-bg=\"\" data-border-hover=\"\" data-shadow-hover=\"\" data-shadow-click=\"none\" data-shadow=\"\" data-shd-shadow=\"\"  data-ultimate-target='#ubtn-1643'  data-responsive-json-new='{\"font-size\":\"\",\"line-height\":\"\"}'  style=\"font-weight:normal;width:px;min-height:px;padding:px px;border:none;\"><span class=\"ubtn-data ubtn-icon\"><i class=\"icomoon-the7-font-the7-home-00\" style=\"font-size:25px;color:#000000;\"><\/i><\/span><span class=\"ubtn-hover\" style=\"background-color:\"><\/span><span class=\"ubtn-data ubtn-text \" ><\/span><\/button><\/a><\/div><\/div><div class=\"ult-space\"><\/div><\/div><\/div>[\/vc_column][\/vc_row]<\/p>\n","protected":false},"excerpt":{"rendered":"<p>[vc_row][vc_column][vc_empty_space height=&#8221;6.25em&#8221; el_class=&#8221;empty_space_top&#8221;][\/vc_column][\/vc_row][vc_row][vc_column width=&#8221;2\/3&#8243;][vc_column_text] About Us [\/vc_column_text][vc_empty_space height=&#8221;3.75em&#8221; el_class=&#8221;dont_show_in_mobile&#8221;][vc_column_text] On 03.05.2021, the business operations of the renowned software and system house Riff Systemhaus from Herten were taken over by the Bitstore Group. [\/vc_column_text][vc_column_text] Since 1996, Riff has been developing highly specialised software for welding technology, plant construction and specific customer requirements. Many of the power&hellip;<\/p>\n","protected":false},"author":6,"featured_media":0,"parent":0,"menu_order":0,"comment_status":"closed","ping_status":"closed","template":"","meta":[],"yoast_head":"<!-- This site is optimized with the Yoast SEO plugin v20.4 - https:\/\/yoast.com\/wordpress\/plugins\/seo\/ -->\n<title>About us - Riff Systemhaus - Bitstore Dorsten GmbH<\/title>\n<meta name=\"robots\" content=\"index, follow, max-snippet:-1, max-image-preview:large, max-video-preview:-1\" \/>\n<link rel=\"canonical\" href=\"https:\/\/www.riff-systemhaus.online\/en\/ueber-uns-2\/\" \/>\n<meta property=\"og:locale\" content=\"en_US\" \/>\n<meta property=\"og:type\" content=\"article\" \/>\n<meta property=\"og:title\" content=\"About us - Riff Systemhaus - Bitstore Dorsten GmbH\" \/>\n<meta property=\"og:description\" content=\"[vc_row][vc_column][vc_empty_space height=&#8221;6.25em&#8221; el_class=&#8221;empty_space_top&#8221;][\/vc_column][\/vc_row][vc_row][vc_column width=&#8221;2\/3&#8243;][vc_column_text] About Us [\/vc_column_text][vc_empty_space height=&#8221;3.75em&#8221; el_class=&#8221;dont_show_in_mobile&#8221;][vc_column_text] On 03.05.2021, the business operations of the renowned software and system house Riff Systemhaus from Herten were taken over by the Bitstore Group. [\/vc_column_text][vc_column_text] Since 1996, Riff has been developing highly specialised software for welding technology, plant construction and specific customer requirements. Many of the power&hellip;\" \/>\n<meta property=\"og:url\" content=\"https:\/\/www.riff-systemhaus.online\/en\/ueber-uns-2\/\" \/>\n<meta property=\"og:site_name\" content=\"Riff Systemhaus - Bitstore Dorsten GmbH\" \/>\n<meta property=\"article:publisher\" content=\"https:\/\/de-de.facebook.com\/RIFFSystemhaus\/\" \/>\n<meta property=\"article:modified_time\" content=\"2022-02-02T13:51:08+00:00\" \/>\n<meta name=\"twitter:card\" content=\"summary_large_image\" \/>\n<meta name=\"twitter:label1\" content=\"Est. reading time\" \/>\n\t<meta name=\"twitter:data1\" content=\"2 minutes\" \/>\n<script type=\"application\/ld+json\" class=\"yoast-schema-graph\">{\"@context\":\"https:\/\/schema.org\",\"@graph\":[{\"@type\":\"WebPage\",\"@id\":\"https:\/\/www.riff-systemhaus.online\/en\/ueber-uns-2\/\",\"url\":\"https:\/\/www.riff-systemhaus.online\/en\/ueber-uns-2\/\",\"name\":\"About us - Riff Systemhaus - Bitstore Dorsten GmbH\",\"isPartOf\":{\"@id\":\"https:\/\/www.riff-systemhaus.online\/#website\"},\"datePublished\":\"2021-09-22T13:47:39+00:00\",\"dateModified\":\"2022-02-02T13:51:08+00:00\",\"breadcrumb\":{\"@id\":\"https:\/\/www.riff-systemhaus.online\/en\/ueber-uns-2\/#breadcrumb\"},\"inLanguage\":\"en-US\",\"potentialAction\":[{\"@type\":\"ReadAction\",\"target\":[\"https:\/\/www.riff-systemhaus.online\/en\/ueber-uns-2\/\"]}]},{\"@type\":\"BreadcrumbList\",\"@id\":\"https:\/\/www.riff-systemhaus.online\/en\/ueber-uns-2\/#breadcrumb\",\"itemListElement\":[{\"@type\":\"ListItem\",\"position\":1,\"name\":\"Startseite\",\"item\":\"https:\/\/www.riff-systemhaus.online\/en\/\"},{\"@type\":\"ListItem\",\"position\":2,\"name\":\"About us\"}]},{\"@type\":\"WebSite\",\"@id\":\"https:\/\/www.riff-systemhaus.online\/#website\",\"url\":\"https:\/\/www.riff-systemhaus.online\/\",\"name\":\"Riff Systemhaus - Bitstore Dorsten GmbH\",\"description\":\"Erstellen von Schwei\u00dfanweisungen - WPS, Verfahrenspr\u00fcfungen - VP und Schwei\u00dfer mit Zeugnissen\",\"publisher\":{\"@id\":\"https:\/\/www.riff-systemhaus.online\/#organization\"},\"potentialAction\":[{\"@type\":\"SearchAction\",\"target\":{\"@type\":\"EntryPoint\",\"urlTemplate\":\"https:\/\/www.riff-systemhaus.online\/?s={search_term_string}\"},\"query-input\":\"required name=search_term_string\"}],\"inLanguage\":\"en-US\"},{\"@type\":\"Organization\",\"@id\":\"https:\/\/www.riff-systemhaus.online\/#organization\",\"name\":\"RIFF Systemhaus GmbH\",\"url\":\"https:\/\/www.riff-systemhaus.online\/\",\"logo\":{\"@type\":\"ImageObject\",\"inLanguage\":\"en-US\",\"@id\":\"https:\/\/www.riff-systemhaus.online\/#\/schema\/logo\/image\/\",\"url\":\"https:\/\/www.riff-systemhaus.online\/wp-content\/uploads\/2016\/04\/riffLogo_middle-1.png\",\"contentUrl\":\"https:\/\/www.riff-systemhaus.online\/wp-content\/uploads\/2016\/04\/riffLogo_middle-1.png\",\"width\":203,\"height\":55,\"caption\":\"RIFF Systemhaus GmbH\"},\"image\":{\"@id\":\"https:\/\/www.riff-systemhaus.online\/#\/schema\/logo\/image\/\"},\"sameAs\":[\"https:\/\/de-de.facebook.com\/RIFFSystemhaus\/\",\"https:\/\/www.youtube.com\/channel\/UCq9qBcJPc3AVGrCQn6qlqXQ\"]}]}<\/script>\n<!-- \/ Yoast SEO plugin. -->","yoast_head_json":{"title":"About us - Riff Systemhaus - Bitstore Dorsten GmbH","robots":{"index":"index","follow":"follow","max-snippet":"max-snippet:-1","max-image-preview":"max-image-preview:large","max-video-preview":"max-video-preview:-1"},"canonical":"https:\/\/www.riff-systemhaus.online\/en\/ueber-uns-2\/","og_locale":"en_US","og_type":"article","og_title":"About us - Riff Systemhaus - Bitstore Dorsten GmbH","og_description":"[vc_row][vc_column][vc_empty_space height=&#8221;6.25em&#8221; el_class=&#8221;empty_space_top&#8221;][\/vc_column][\/vc_row][vc_row][vc_column width=&#8221;2\/3&#8243;][vc_column_text] About Us [\/vc_column_text][vc_empty_space height=&#8221;3.75em&#8221; el_class=&#8221;dont_show_in_mobile&#8221;][vc_column_text] On 03.05.2021, the business operations of the renowned software and system house Riff Systemhaus from Herten were taken over by the Bitstore Group. [\/vc_column_text][vc_column_text] Since 1996, Riff has been developing highly specialised software for welding technology, plant construction and specific customer requirements. Many of the power&hellip;","og_url":"https:\/\/www.riff-systemhaus.online\/en\/ueber-uns-2\/","og_site_name":"Riff Systemhaus - Bitstore Dorsten GmbH","article_publisher":"https:\/\/de-de.facebook.com\/RIFFSystemhaus\/","article_modified_time":"2022-02-02T13:51:08+00:00","twitter_card":"summary_large_image","twitter_misc":{"Est. reading time":"2 minutes"},"schema":{"@context":"https:\/\/schema.org","@graph":[{"@type":"WebPage","@id":"https:\/\/www.riff-systemhaus.online\/en\/ueber-uns-2\/","url":"https:\/\/www.riff-systemhaus.online\/en\/ueber-uns-2\/","name":"About us - Riff Systemhaus - Bitstore Dorsten GmbH","isPartOf":{"@id":"https:\/\/www.riff-systemhaus.online\/#website"},"datePublished":"2021-09-22T13:47:39+00:00","dateModified":"2022-02-02T13:51:08+00:00","breadcrumb":{"@id":"https:\/\/www.riff-systemhaus.online\/en\/ueber-uns-2\/#breadcrumb"},"inLanguage":"en-US","potentialAction":[{"@type":"ReadAction","target":["https:\/\/www.riff-systemhaus.online\/en\/ueber-uns-2\/"]}]},{"@type":"BreadcrumbList","@id":"https:\/\/www.riff-systemhaus.online\/en\/ueber-uns-2\/#breadcrumb","itemListElement":[{"@type":"ListItem","position":1,"name":"Startseite","item":"https:\/\/www.riff-systemhaus.online\/en\/"},{"@type":"ListItem","position":2,"name":"About us"}]},{"@type":"WebSite","@id":"https:\/\/www.riff-systemhaus.online\/#website","url":"https:\/\/www.riff-systemhaus.online\/","name":"Riff Systemhaus - Bitstore Dorsten GmbH","description":"Erstellen von Schwei\u00dfanweisungen - WPS, Verfahrenspr\u00fcfungen - VP und Schwei\u00dfer mit Zeugnissen","publisher":{"@id":"https:\/\/www.riff-systemhaus.online\/#organization"},"potentialAction":[{"@type":"SearchAction","target":{"@type":"EntryPoint","urlTemplate":"https:\/\/www.riff-systemhaus.online\/?s={search_term_string}"},"query-input":"required name=search_term_string"}],"inLanguage":"en-US"},{"@type":"Organization","@id":"https:\/\/www.riff-systemhaus.online\/#organization","name":"RIFF Systemhaus GmbH","url":"https:\/\/www.riff-systemhaus.online\/","logo":{"@type":"ImageObject","inLanguage":"en-US","@id":"https:\/\/www.riff-systemhaus.online\/#\/schema\/logo\/image\/","url":"https:\/\/www.riff-systemhaus.online\/wp-content\/uploads\/2016\/04\/riffLogo_middle-1.png","contentUrl":"https:\/\/www.riff-systemhaus.online\/wp-content\/uploads\/2016\/04\/riffLogo_middle-1.png","width":203,"height":55,"caption":"RIFF Systemhaus GmbH"},"image":{"@id":"https:\/\/www.riff-systemhaus.online\/#\/schema\/logo\/image\/"},"sameAs":["https:\/\/de-de.facebook.com\/RIFFSystemhaus\/","https:\/\/www.youtube.com\/channel\/UCq9qBcJPc3AVGrCQn6qlqXQ"]}]}},"_links":{"self":[{"href":"https:\/\/www.riff-systemhaus.online\/en\/wp-json\/wp\/v2\/pages\/19484"}],"collection":[{"href":"https:\/\/www.riff-systemhaus.online\/en\/wp-json\/wp\/v2\/pages"}],"about":[{"href":"https:\/\/www.riff-systemhaus.online\/en\/wp-json\/wp\/v2\/types\/page"}],"author":[{"embeddable":true,"href":"https:\/\/www.riff-systemhaus.online\/en\/wp-json\/wp\/v2\/users\/6"}],"replies":[{"embeddable":true,"href":"https:\/\/www.riff-systemhaus.online\/en\/wp-json\/wp\/v2\/comments?post=19484"}],"version-history":[{"count":3,"href":"https:\/\/www.riff-systemhaus.online\/en\/wp-json\/wp\/v2\/pages\/19484\/revisions"}],"predecessor-version":[{"id":19663,"href":"https:\/\/www.riff-systemhaus.online\/en\/wp-json\/wp\/v2\/pages\/19484\/revisions\/19663"}],"wp:attachment":[{"href":"https:\/\/www.riff-systemhaus.online\/en\/wp-json\/wp\/v2\/media?parent=19484"}],"curies":[{"name":"wp","href":"https:\/\/api.w.org\/{rel}","templated":true}]}}