
{"id":19480,"date":"2021-09-22T15:46:25","date_gmt":"2021-09-22T13:46:25","guid":{"rendered":"https:\/\/www.riff-systemhaus.online\/referenzen\/"},"modified":"2024-03-06T11:29:45","modified_gmt":"2024-03-06T10:29:45","slug":"referenzen","status":"publish","type":"page","link":"https:\/\/www.riff-systemhaus.online\/en\/referenzen\/","title":{"rendered":"References"},"content":{"rendered":"<p>[vc_row][vc_column][vc_empty_space height=&#8221;6.25em&#8221; el_class=&#8221;empty_space_top&#8221;][\/vc_column][\/vc_row][vc_row][vc_column][vc_column_text]<\/p>\n<p style=\"color: #14afb4; font-size: 3em; text-align: center;\">In good company<\/p>\n<p>&nbsp;<\/p>\n<p style=\"color: #14afb4; font-size: 1.5em; text-align: center;\">Here is a selection of companies that are always happy to rely on our services<\/p>\n<p>[\/vc_column_text][\/vc_column][\/vc_row][vc_row margin_top=&#8221;0&#8243; margin_bottom=&#8221;20&#8243; el_class=&#8221;reference_row&#8221; css=&#8221;.vc_custom_1632230210913{margin-bottom: -50px !important;}&#8221;][vc_column width=&#8221;1\/2&#8243; el_class=&#8221;reference_container reference_siemens&#8221;][vc_single_image image=&#8221;18741&#8243; img_size=&#8221;full&#8221; alignment=&#8221;center&#8221; el_class=&#8221;reference_logo&#8221;][vc_column_text el_class=&#8221;reference_description&#8221;]<\/p>\n<p style=\"color: #262626; text-align: left; line-height: 1.5em; font-size: 1.1em;\"><span class=\"fontstyle0\">Siemens offers a comprehensive steam turbine portfolio for the power range from 45 kW to 1,200 MW, which meets the specific requirements of your application, particularly through its flexibility. <\/span><\/p>\n<p style=\"color: #262626; text-align: left; line-height: 1.5em; font-size: 1.1em;\"><span class=\"fontstyle0\">Riff software solutions are used in the Siemens AG Energy Sector in various plants &#8211; worldwide.<\/span><\/p>\n<p>[\/vc_column_text][\/vc_column][vc_column width=&#8221;1\/2&#8243; el_class=&#8221;reference_container reference_bilfinger&#8221;][vc_single_image image=&#8221;18734&#8243; img_size=&#8221;full&#8221; alignment=&#8221;center&#8221; el_class=&#8221;reference_logo&#8221;][vc_column_text el_class=&#8221;reference_description&#8221;]<\/p>\n<p style=\"color: #262626; text-align: left; line-height: 1.5em; font-size: 1.1em;\"><span class=\"fontstyle0\">Bilfinger Chemserv GmbH, a company of the Bilfinger Industrial Services Group, is a leading provider of maintenance and engineering services in the extended process and manufacturing industry.<\/span><\/p>\n<p style=\"color: #262626; text-align: left; line-height: 1.5em; font-size: 1.1em;\"><span class=\"fontstyle0\">Riff Software has been used here for several years in the field of welding documentation. In 2019, a software successor has already been programmed by our company and adapted to the needs of Bilfinger VAM.<\/span><\/p>\n<p>[\/vc_column_text][\/vc_column][\/vc_row][vc_row margin_top=&#8221;0&#8243; margin_bottom=&#8221;20&#8243; el_class=&#8221;reference_row&#8221; css=&#8221;.vc_custom_1632230226312{margin-bottom: -50px !important;}&#8221;][vc_column width=&#8221;1\/2&#8243; el_class=&#8221;reference_container reference_ekato&#8221;][vc_single_image image=&#8221;18736&#8243; img_size=&#8221;full&#8221; alignment=&#8221;center&#8221; el_class=&#8221;reference_logo&#8221;][vc_column_text el_class=&#8221;reference_description&#8221;]<\/p>\n<p style=\"color: #262626; text-align: left; line-height: 1.5em; font-size: 1.1em;\"><span class=\"fontstyle0\">It all comes down to the right mixture. At EKATO, it&#8217;s not just the agitators that are based on this guiding principle. The entire company philosophy revolves around it. <\/span><\/p>\n<p style=\"color: #262626; text-align: left; line-height: 1.5em; font-size: 1.1em;\"><span class=\"fontstyle0\">Riff software has been used successfully for several years to create welding documents at EKATO RMT. <\/span><\/p>\n<p style=\"color: #262626; text-align: left; line-height: 1.5em; font-size: 1.1em;\"><span class=\"fontstyle0\">EKATO RMT now also uses customised riff software, which has replaced its predecessor software WELDRX.<\/span><\/p>\n<p>[\/vc_column_text][\/vc_column][vc_column width=&#8221;1\/2&#8243; el_class=&#8221;reference_container reference_evonik&#8221;][vc_single_image image=&#8221;18737&#8243; img_size=&#8221;full&#8221; alignment=&#8221;center&#8221; el_class=&#8221;reference_logo&#8221;][vc_column_text el_class=&#8221;reference_description&#8221;]<\/p>\n<p style=\"color: #262626; text-align: left; line-height: 1.5em; font-size: 1.1em;\"><span class=\"fontstyle0\">Evonik is the operator of the Marl Chemical Park. The chemical site is one of the largest integrated sites in Germany. Evonik provides the infrastructure and all services for the chemical-related process industry to the companies located here. <\/span><\/p>\n<p style=\"color: #262626; text-align: left; line-height: 1.5em; font-size: 1.1em;\"><span class=\"fontstyle0\">Riff software solutions are used here in the field of maintenance and apparatus engineering.<\/span><\/p>\n<p>[\/vc_column_text][\/vc_column][\/vc_row][vc_row margin_top=&#8221;0&#8243; margin_bottom=&#8221;20&#8243; el_class=&#8221;reference_row&#8221; css=&#8221;.vc_custom_1632230237786{margin-bottom: -50px !important;}&#8221;][vc_column width=&#8221;1\/2&#8243; el_class=&#8221;reference_container reference_man&#8221;][vc_single_image image=&#8221;18738&#8243; img_size=&#8221;full&#8221; alignment=&#8221;center&#8221; el_class=&#8221;reference_logo&#8221;][vc_column_text el_class=&#8221;reference_description&#8221;]<\/p>\n<p style=\"color: #262626; text-align: left; line-height: 1.5em; font-size: 1.1em;\"><span class=\"fontstyle0\">The MAN brand stands for efficiency, innovation and customer proximity worldwide. Customer trust, based on the reliability of MAN products, is the key to success. <\/span><\/p>\n<p style=\"color: #262626; text-align: left; line-height: 1.5em; font-size: 1.1em;\"><span class=\"fontstyle0\">Over 100 years of trucks and buses from MAN are proof of a wide range of solutions and the desire to satisfy the customer. <\/span><\/p>\n<p style=\"color: #262626; text-align: left; line-height: 1.5em; font-size: 1.1em;\"><span class=\"fontstyle0\">Riff Software has been used here for several years in the field of welding documentation.<\/span><\/p>\n<p>[\/vc_column_text][\/vc_column][vc_column width=&#8221;1\/2&#8243; el_class=&#8221;reference_container reference_onesubsea&#8221;][vc_single_image image=&#8221;18739&#8243; img_size=&#8221;full&#8221; alignment=&#8221;center&#8221; el_class=&#8221;reference_logo&#8221;][vc_column_text el_class=&#8221;reference_description&#8221;]<\/p>\n<p style=\"color: #262626; text-align: left; line-height: 1.5em; font-size: 1.1em;\"><span class=\"fontstyle0\">For many years, OneSubsea GmbH has been using software from our company that digitalises complicated processes and saves an enormous amount of time and work. <\/span><\/p>\n<p style=\"color: #262626; text-align: left; line-height: 1.5em; font-size: 1.1em;\"><span class=\"fontstyle0\">The software is constantly being developed and expanded. Working without this software is no longer conceivable for OneSubsea!<\/span><\/p>\n<p>[\/vc_column_text][\/vc_column][\/vc_row][vc_row margin_top=&#8221;0&#8243; margin_bottom=&#8221;20&#8243; el_class=&#8221;reference_row&#8221; css=&#8221;.vc_custom_1632230258106{margin-bottom: -50px !important;}&#8221;][vc_column width=&#8221;1\/2&#8243; el_class=&#8221;reference_container reference_rafako&#8221;][vc_single_image image=&#8221;18740&#8243; img_size=&#8221;full&#8221; alignment=&#8221;center&#8221; el_class=&#8221;img_rafako, reference_logo&#8221;][vc_column_text el_class=&#8221;reference_description&#8221;]<\/p>\n<p style=\"color: #262626; text-align: left; line-height: 1.5em; font-size: 1.1em;\"><span class=\"fontstyle0\">RAFAKO S.A., the largest European boiler manufacturer, is part of the PBG Group and offers complete power generation equipment including units for supercritical steam parameters. The company offers a wide range of boilers, including PC boilers, as well as flue gas cleaning equipment including FGD, SCR units and electrostatic precipitators.<\/span><\/p>\n<p style=\"color: #262626; text-align: left; line-height: 1.5em; font-size: 1.1em;\"><span class=\"fontstyle0\">RAFAKO S.A. uses the BIMAS<sup>WEB<\/sup> <span class=\"fontstyle0\"> software solution from Riff Systemhaus for monitoring and documentation in the Jaworzno III project. Over 100,000 seams are recorded and documented with this system solution in compliance with the relevant regulations and specifications..<\/span><\/span><\/p>\n<p>[\/vc_column_text][\/vc_column][vc_column width=&#8221;1\/2&#8243; el_class=&#8221;reference_container reference_borsig&#8221;][vc_single_image image=&#8221;18735&#8243; img_size=&#8221;full&#8221; alignment=&#8221;center&#8221; el_class=&#8221;img_borsig, reference_logo&#8221;][vc_column_text el_class=&#8221;reference_description&#8221;]<\/p>\n<p style=\"color: #262626; text-align: left; line-height: 1.5em; font-size: 1.1em;\"><span class=\"fontstyle0\">Borsig GmbH uses a Riff software in the field of welding documentation. <\/span><\/p>\n<p style=\"color: #262626; text-align: left; line-height: 1.5em; font-size: 1.1em;\"><span class=\"fontstyle0\">A terminal solution is also in use. Welders can use a touch monitor in the workshop to, for example: View, accept, complete and comment on orders and enter which SZWs have been collected. <\/span><\/p>\n<p style=\"color: #262626; text-align: left; line-height: 1.5em; font-size: 1.1em;\"><span class=\"fontstyle0\">If a welder completes a weld, a record of activity is automatically generated and the certificate is thus automatically extended accordingly.<\/span><\/p>\n<p>[\/vc_column_text][\/vc_column][\/vc_row][vc_row margin_top=&#8221;0&#8243; margin_bottom=&#8221;20&#8243; el_class=&#8221;reference_row&#8221; css=&#8221;.vc_custom_1632230176035{margin-bottom: -50px !important;}&#8221;][vc_column width=&#8221;1\/2&#8243; el_class=&#8221;reference_container reference_ge&#8221;][vc_single_image image=&#8221;18436&#8243; img_size=&#8221;full&#8221; alignment=&#8221;center&#8221; el_class=&#8221;img_ge, reference_logo&#8221;][vc_column_text el_class=&#8221;reference_description&#8221;]<\/p>\n<p style=\"color: #262626; text-align: left; line-height: 1.5em; font-size: 1.1em;\">General Electric is a world leader in pioneering new steam generator concepts.<\/p>\n<p style=\"color: #262626; text-align: left; line-height: 1.5em; font-size: 1.1em;\">Riff software solutions are used worldwide in the field of welding technology (Weld<sup>WEB<\/sup>) and the management of new large boilers (BIMAS<sup>WEB<\/sup>).<\/p>\n<p style=\"color: #262626; text-align: left; line-height: 1.5em; font-size: 1.1em;\">In addition to the welder qualification management, welding seams are also tracked and (final) documentation is created using software from our company.<\/p>\n<p>[\/vc_column_text][\/vc_column][\/vc_row][vc_row][vc_column]<div class=\"ult_row_spacer\"><div class=\"ult-sticky-anchor\"><div class=\"ult-sticky-section ult-sticky sticky\"  data-gutter= '15' data-stick_behaviour= 'stick_permanent' data-lr_position= 'right'  data-lr_value= '2em'  data-sticky_width= 'customwidth'55 data-sticky_customwidth= '55px' data-sticky_position= 'top' data-mobile='no' data-support='no'><div class=\" ubtn-ctn-center btn_signIn\"><span class=\"ubtn-center\"><button type=\"button\" id=\"ubtn-8497\"  class=\"ubtn ult-adjust-bottom-margin ult-responsive ubtn-custom ubtn-no-hover-bg  none  ubtn-sep-icon ubtn-sep-icon-at-left  ubtn-center  ubtn-only-icon btn_signIn  tooltip-69e68f6b1f417 ubtn-tooltip left\" data-toggle=\"tooltip\" data-placement=\"left\" title=\"Log in\" data-hover=\"\" data-border-color=\"\" data-bg=\"\" data-hover-bg=\"\" data-border-hover=\"\" data-shadow-hover=\"\" data-shadow-click=\"none\" data-shadow=\"\" data-shd-shadow=\"\"  data-ultimate-target='#ubtn-8497'  data-responsive-json-new='{\"font-size\":\"\",\"line-height\":\"\"}'  style=\"font-weight:normal;width:px;min-height:px;padding:px px;border:none;\"><span class=\"ubtn-data ubtn-icon\"><i class=\"fas fa-sign-in-alt\" style=\"font-size:25px;color:#000000;\"><\/i><\/span><span class=\"ubtn-hover\" style=\"background-color:\"><\/span><span class=\"ubtn-data ubtn-text \" ><\/span><\/button><\/span><\/div><div class=\" ubtn-ctn-center \"><a class=\"ubtn-link ult-adjust-bottom-margin ubtn-center ubtn-custom \" href=\"https:\/\/www.riff-systemhaus.online\/kontakt\/\" ><button type=\"button\" id=\"ubtn-2034\"  class=\"ubtn ult-adjust-bottom-margin ult-responsive ubtn-custom ubtn-no-hover-bg  none  ubtn-sep-icon ubtn-sep-icon-at-left  ubtn-center  ubtn-only-icon   tooltip-69e68f6b1f4c9 ubtn-tooltip left\" data-toggle=\"tooltip\" data-placement=\"left\" title=\"Mail\" data-hover=\"\" data-border-color=\"\" data-bg=\"\" data-hover-bg=\"\" data-border-hover=\"\" data-shadow-hover=\"\" data-shadow-click=\"none\" data-shadow=\"\" data-shd-shadow=\"\"  data-ultimate-target='#ubtn-2034'  data-responsive-json-new='{\"font-size\":\"\",\"line-height\":\"\"}'  style=\"font-weight:normal;width:px;min-height:px;padding:px px;border:none;\"><span class=\"ubtn-data ubtn-icon\"><i class=\"icomoon-the7-font-the7-mail-01\" style=\"font-size:25px;color:#000000;\"><\/i><\/span><span class=\"ubtn-hover\" style=\"background-color:\"><\/span><span class=\"ubtn-data ubtn-text \" ><\/span><\/button><\/a><\/div><div class=\" ubtn-ctn-center \"><a class=\"ubtn-link ult-adjust-bottom-margin ubtn-center ubtn-custom \" href=\"tel:004923665699090\" ><button type=\"button\" id=\"ubtn-4242\"  class=\"ubtn ult-adjust-bottom-margin ult-responsive ubtn-custom ubtn-no-hover-bg  none  ubtn-sep-icon ubtn-sep-icon-at-left  ubtn-center  ubtn-only-icon   tooltip-69e68f6b1f566 ubtn-tooltip left\" data-toggle=\"tooltip\" data-placement=\"left\" title=\"Phone\" data-hover=\"\" data-border-color=\"\" data-bg=\"\" data-hover-bg=\"\" data-border-hover=\"\" data-shadow-hover=\"\" data-shadow-click=\"none\" data-shadow=\"\" data-shd-shadow=\"\"  data-ultimate-target='#ubtn-4242'  data-responsive-json-new='{\"font-size\":\"\",\"line-height\":\"\"}'  style=\"font-weight:normal;width:px;min-height:px;padding:px px;border:none;\"><span class=\"ubtn-data ubtn-icon\"><i class=\"icomoon-the7-font-the7-phone-05\" style=\"font-size:25px;color:#000000;\"><\/i><\/span><span class=\"ubtn-hover\" style=\"background-color:\"><\/span><span class=\"ubtn-data ubtn-text \" ><\/span><\/button><\/a><\/div><div class=\" ubtn-ctn-center \"><a class=\"ubtn-link ult-adjust-bottom-margin ubtn-center ubtn-custom \" href=\"https:\/\/www.riff-systemhaus.online\/infos\/\" ><button type=\"button\" id=\"ubtn-6742\"  class=\"ubtn ult-adjust-bottom-margin ult-responsive ubtn-custom ubtn-no-hover-bg  none  ubtn-sep-icon ubtn-sep-icon-at-left  ubtn-center  ubtn-only-icon   tooltip-69e68f6b1f5de ubtn-tooltip left\" data-toggle=\"tooltip\" data-placement=\"left\" title=\"Impressum\" data-hover=\"\" data-border-color=\"\" data-bg=\"\" data-hover-bg=\"\" data-border-hover=\"\" data-shadow-hover=\"\" data-shadow-click=\"none\" data-shadow=\"\" data-shd-shadow=\"\"  data-ultimate-target='#ubtn-6742'  data-responsive-json-new='{\"font-size\":\"\",\"line-height\":\"\"}'  style=\"font-weight:normal;width:px;min-height:px;padding:px px;border:none;\"><span class=\"ubtn-data ubtn-icon\"><i class=\"fas fa-info-circle\" style=\"font-size:25px;color:#000000;\"><\/i><\/span><span class=\"ubtn-hover\" style=\"background-color:\"><\/span><span class=\"ubtn-data ubtn-text \" ><\/span><\/button><\/a><\/div>[vc_empty_space height=&#8221;6.063em&#8221;]<div class=\" ubtn-ctn-center \"><a class=\"ubtn-link ult-adjust-bottom-margin ubtn-center ubtn-custom \" href=\"https:\/\/www.riff-systemhaus.online\/\" ><button type=\"button\" id=\"ubtn-4173\"  class=\"ubtn ult-adjust-bottom-margin ult-responsive ubtn-custom ubtn-no-hover-bg  none  ubtn-sep-icon ubtn-sep-icon-at-left  ubtn-center  ubtn-only-icon   tooltip-69e68f6b1f665 ubtn-tooltip left\" data-toggle=\"tooltip\" data-placement=\"left\" title=\"Home\" data-hover=\"\" data-border-color=\"\" data-bg=\"\" data-hover-bg=\"\" data-border-hover=\"\" data-shadow-hover=\"\" data-shadow-click=\"none\" data-shadow=\"\" data-shd-shadow=\"\"  data-ultimate-target='#ubtn-4173'  data-responsive-json-new='{\"font-size\":\"\",\"line-height\":\"\"}'  style=\"font-weight:normal;width:px;min-height:px;padding:px px;border:none;\"><span class=\"ubtn-data ubtn-icon\"><i class=\"icomoon-the7-font-the7-home-00\" style=\"font-size:25px;color:#000000;\"><\/i><\/span><span class=\"ubtn-hover\" style=\"background-color:\"><\/span><span class=\"ubtn-data ubtn-text \" ><\/span><\/button><\/a><\/div><\/div><div class=\"ult-space\"><\/div><\/div><\/div>[\/vc_column][\/vc_row]<\/p>\n","protected":false},"excerpt":{"rendered":"<p>[vc_row][vc_column][vc_empty_space height=&#8221;6.25em&#8221; el_class=&#8221;empty_space_top&#8221;][\/vc_column][\/vc_row][vc_row][vc_column][vc_column_text] In good company &nbsp; Here is a selection of companies that are always happy to rely on our services [\/vc_column_text][\/vc_column][\/vc_row][vc_row margin_top=&#8221;0&#8243; margin_bottom=&#8221;20&#8243; el_class=&#8221;reference_row&#8221; css=&#8221;.vc_custom_1632230210913{margin-bottom: -50px !important;}&#8221;][vc_column width=&#8221;1\/2&#8243; el_class=&#8221;reference_container reference_siemens&#8221;][vc_single_image image=&#8221;18741&#8243; img_size=&#8221;full&#8221; alignment=&#8221;center&#8221; el_class=&#8221;reference_logo&#8221;][vc_column_text el_class=&#8221;reference_description&#8221;] Siemens offers a comprehensive steam turbine portfolio for the power range from 45 kW to 1,200 MW, which&hellip;<\/p>\n","protected":false},"author":6,"featured_media":0,"parent":0,"menu_order":0,"comment_status":"closed","ping_status":"closed","template":"","meta":[],"yoast_head":"<!-- This site is optimized with the Yoast SEO plugin v20.4 - https:\/\/yoast.com\/wordpress\/plugins\/seo\/ -->\n<title>References - Riff Systemhaus - Bitstore Dorsten GmbH<\/title>\n<meta name=\"robots\" content=\"index, follow, max-snippet:-1, max-image-preview:large, max-video-preview:-1\" \/>\n<link rel=\"canonical\" href=\"https:\/\/www.riff-systemhaus.online\/en\/referenzen\/\" \/>\n<meta property=\"og:locale\" content=\"en_US\" \/>\n<meta property=\"og:type\" content=\"article\" \/>\n<meta property=\"og:title\" content=\"References - Riff Systemhaus - Bitstore Dorsten GmbH\" \/>\n<meta property=\"og:description\" content=\"[vc_row][vc_column][vc_empty_space height=&#8221;6.25em&#8221; el_class=&#8221;empty_space_top&#8221;][\/vc_column][\/vc_row][vc_row][vc_column][vc_column_text] In good company &nbsp; Here is a selection of companies that are always happy to rely on our services [\/vc_column_text][\/vc_column][\/vc_row][vc_row margin_top=&#8221;0&#8243; margin_bottom=&#8221;20&#8243; el_class=&#8221;reference_row&#8221; css=&#8221;.vc_custom_1632230210913{margin-bottom: -50px !important;}&#8221;][vc_column width=&#8221;1\/2&#8243; el_class=&#8221;reference_container reference_siemens&#8221;][vc_single_image image=&#8221;18741&#8243; img_size=&#8221;full&#8221; alignment=&#8221;center&#8221; el_class=&#8221;reference_logo&#8221;][vc_column_text el_class=&#8221;reference_description&#8221;] Siemens offers a comprehensive steam turbine portfolio for the power range from 45 kW to 1,200 MW, which&hellip;\" \/>\n<meta property=\"og:url\" content=\"https:\/\/www.riff-systemhaus.online\/en\/referenzen\/\" \/>\n<meta property=\"og:site_name\" content=\"Riff Systemhaus - Bitstore Dorsten GmbH\" \/>\n<meta property=\"article:publisher\" content=\"https:\/\/de-de.facebook.com\/RIFFSystemhaus\/\" \/>\n<meta property=\"article:modified_time\" content=\"2024-03-06T10:29:45+00:00\" \/>\n<meta name=\"twitter:card\" content=\"summary_large_image\" \/>\n<meta name=\"twitter:label1\" content=\"Est. reading time\" \/>\n\t<meta name=\"twitter:data1\" content=\"5 minutes\" \/>\n<script type=\"application\/ld+json\" class=\"yoast-schema-graph\">{\"@context\":\"https:\/\/schema.org\",\"@graph\":[{\"@type\":\"WebPage\",\"@id\":\"https:\/\/www.riff-systemhaus.online\/en\/referenzen\/\",\"url\":\"https:\/\/www.riff-systemhaus.online\/en\/referenzen\/\",\"name\":\"References - Riff Systemhaus - Bitstore Dorsten GmbH\",\"isPartOf\":{\"@id\":\"https:\/\/www.riff-systemhaus.online\/#website\"},\"datePublished\":\"2021-09-22T13:46:25+00:00\",\"dateModified\":\"2024-03-06T10:29:45+00:00\",\"breadcrumb\":{\"@id\":\"https:\/\/www.riff-systemhaus.online\/en\/referenzen\/#breadcrumb\"},\"inLanguage\":\"en-US\",\"potentialAction\":[{\"@type\":\"ReadAction\",\"target\":[\"https:\/\/www.riff-systemhaus.online\/en\/referenzen\/\"]}]},{\"@type\":\"BreadcrumbList\",\"@id\":\"https:\/\/www.riff-systemhaus.online\/en\/referenzen\/#breadcrumb\",\"itemListElement\":[{\"@type\":\"ListItem\",\"position\":1,\"name\":\"Startseite\",\"item\":\"https:\/\/www.riff-systemhaus.online\/en\/\"},{\"@type\":\"ListItem\",\"position\":2,\"name\":\"References\"}]},{\"@type\":\"WebSite\",\"@id\":\"https:\/\/www.riff-systemhaus.online\/#website\",\"url\":\"https:\/\/www.riff-systemhaus.online\/\",\"name\":\"Riff Systemhaus - Bitstore Dorsten GmbH\",\"description\":\"Erstellen von Schwei\u00dfanweisungen - WPS, Verfahrenspr\u00fcfungen - VP und Schwei\u00dfer mit Zeugnissen\",\"publisher\":{\"@id\":\"https:\/\/www.riff-systemhaus.online\/#organization\"},\"potentialAction\":[{\"@type\":\"SearchAction\",\"target\":{\"@type\":\"EntryPoint\",\"urlTemplate\":\"https:\/\/www.riff-systemhaus.online\/?s={search_term_string}\"},\"query-input\":\"required name=search_term_string\"}],\"inLanguage\":\"en-US\"},{\"@type\":\"Organization\",\"@id\":\"https:\/\/www.riff-systemhaus.online\/#organization\",\"name\":\"RIFF Systemhaus GmbH\",\"url\":\"https:\/\/www.riff-systemhaus.online\/\",\"logo\":{\"@type\":\"ImageObject\",\"inLanguage\":\"en-US\",\"@id\":\"https:\/\/www.riff-systemhaus.online\/#\/schema\/logo\/image\/\",\"url\":\"https:\/\/www.riff-systemhaus.online\/wp-content\/uploads\/2016\/04\/riffLogo_middle-1.png\",\"contentUrl\":\"https:\/\/www.riff-systemhaus.online\/wp-content\/uploads\/2016\/04\/riffLogo_middle-1.png\",\"width\":203,\"height\":55,\"caption\":\"RIFF Systemhaus GmbH\"},\"image\":{\"@id\":\"https:\/\/www.riff-systemhaus.online\/#\/schema\/logo\/image\/\"},\"sameAs\":[\"https:\/\/de-de.facebook.com\/RIFFSystemhaus\/\",\"https:\/\/www.youtube.com\/channel\/UCq9qBcJPc3AVGrCQn6qlqXQ\"]}]}<\/script>\n<!-- \/ Yoast SEO plugin. -->","yoast_head_json":{"title":"References - Riff Systemhaus - Bitstore Dorsten GmbH","robots":{"index":"index","follow":"follow","max-snippet":"max-snippet:-1","max-image-preview":"max-image-preview:large","max-video-preview":"max-video-preview:-1"},"canonical":"https:\/\/www.riff-systemhaus.online\/en\/referenzen\/","og_locale":"en_US","og_type":"article","og_title":"References - Riff Systemhaus - Bitstore Dorsten GmbH","og_description":"[vc_row][vc_column][vc_empty_space height=&#8221;6.25em&#8221; el_class=&#8221;empty_space_top&#8221;][\/vc_column][\/vc_row][vc_row][vc_column][vc_column_text] In good company &nbsp; Here is a selection of companies that are always happy to rely on our services [\/vc_column_text][\/vc_column][\/vc_row][vc_row margin_top=&#8221;0&#8243; margin_bottom=&#8221;20&#8243; el_class=&#8221;reference_row&#8221; css=&#8221;.vc_custom_1632230210913{margin-bottom: -50px !important;}&#8221;][vc_column width=&#8221;1\/2&#8243; el_class=&#8221;reference_container reference_siemens&#8221;][vc_single_image image=&#8221;18741&#8243; img_size=&#8221;full&#8221; alignment=&#8221;center&#8221; el_class=&#8221;reference_logo&#8221;][vc_column_text el_class=&#8221;reference_description&#8221;] Siemens offers a comprehensive steam turbine portfolio for the power range from 45 kW to 1,200 MW, which&hellip;","og_url":"https:\/\/www.riff-systemhaus.online\/en\/referenzen\/","og_site_name":"Riff Systemhaus - Bitstore Dorsten GmbH","article_publisher":"https:\/\/de-de.facebook.com\/RIFFSystemhaus\/","article_modified_time":"2024-03-06T10:29:45+00:00","twitter_card":"summary_large_image","twitter_misc":{"Est. reading time":"5 minutes"},"schema":{"@context":"https:\/\/schema.org","@graph":[{"@type":"WebPage","@id":"https:\/\/www.riff-systemhaus.online\/en\/referenzen\/","url":"https:\/\/www.riff-systemhaus.online\/en\/referenzen\/","name":"References - Riff Systemhaus - Bitstore Dorsten GmbH","isPartOf":{"@id":"https:\/\/www.riff-systemhaus.online\/#website"},"datePublished":"2021-09-22T13:46:25+00:00","dateModified":"2024-03-06T10:29:45+00:00","breadcrumb":{"@id":"https:\/\/www.riff-systemhaus.online\/en\/referenzen\/#breadcrumb"},"inLanguage":"en-US","potentialAction":[{"@type":"ReadAction","target":["https:\/\/www.riff-systemhaus.online\/en\/referenzen\/"]}]},{"@type":"BreadcrumbList","@id":"https:\/\/www.riff-systemhaus.online\/en\/referenzen\/#breadcrumb","itemListElement":[{"@type":"ListItem","position":1,"name":"Startseite","item":"https:\/\/www.riff-systemhaus.online\/en\/"},{"@type":"ListItem","position":2,"name":"References"}]},{"@type":"WebSite","@id":"https:\/\/www.riff-systemhaus.online\/#website","url":"https:\/\/www.riff-systemhaus.online\/","name":"Riff Systemhaus - Bitstore Dorsten GmbH","description":"Erstellen von Schwei\u00dfanweisungen - WPS, Verfahrenspr\u00fcfungen - VP und Schwei\u00dfer mit Zeugnissen","publisher":{"@id":"https:\/\/www.riff-systemhaus.online\/#organization"},"potentialAction":[{"@type":"SearchAction","target":{"@type":"EntryPoint","urlTemplate":"https:\/\/www.riff-systemhaus.online\/?s={search_term_string}"},"query-input":"required name=search_term_string"}],"inLanguage":"en-US"},{"@type":"Organization","@id":"https:\/\/www.riff-systemhaus.online\/#organization","name":"RIFF Systemhaus GmbH","url":"https:\/\/www.riff-systemhaus.online\/","logo":{"@type":"ImageObject","inLanguage":"en-US","@id":"https:\/\/www.riff-systemhaus.online\/#\/schema\/logo\/image\/","url":"https:\/\/www.riff-systemhaus.online\/wp-content\/uploads\/2016\/04\/riffLogo_middle-1.png","contentUrl":"https:\/\/www.riff-systemhaus.online\/wp-content\/uploads\/2016\/04\/riffLogo_middle-1.png","width":203,"height":55,"caption":"RIFF Systemhaus GmbH"},"image":{"@id":"https:\/\/www.riff-systemhaus.online\/#\/schema\/logo\/image\/"},"sameAs":["https:\/\/de-de.facebook.com\/RIFFSystemhaus\/","https:\/\/www.youtube.com\/channel\/UCq9qBcJPc3AVGrCQn6qlqXQ"]}]}},"_links":{"self":[{"href":"https:\/\/www.riff-systemhaus.online\/en\/wp-json\/wp\/v2\/pages\/19480"}],"collection":[{"href":"https:\/\/www.riff-systemhaus.online\/en\/wp-json\/wp\/v2\/pages"}],"about":[{"href":"https:\/\/www.riff-systemhaus.online\/en\/wp-json\/wp\/v2\/types\/page"}],"author":[{"embeddable":true,"href":"https:\/\/www.riff-systemhaus.online\/en\/wp-json\/wp\/v2\/users\/6"}],"replies":[{"embeddable":true,"href":"https:\/\/www.riff-systemhaus.online\/en\/wp-json\/wp\/v2\/comments?post=19480"}],"version-history":[{"count":7,"href":"https:\/\/www.riff-systemhaus.online\/en\/wp-json\/wp\/v2\/pages\/19480\/revisions"}],"predecessor-version":[{"id":19757,"href":"https:\/\/www.riff-systemhaus.online\/en\/wp-json\/wp\/v2\/pages\/19480\/revisions\/19757"}],"wp:attachment":[{"href":"https:\/\/www.riff-systemhaus.online\/en\/wp-json\/wp\/v2\/media?parent=19480"}],"curies":[{"name":"wp","href":"https:\/\/api.w.org\/{rel}","templated":true}]}}