
{"id":19476,"date":"2021-09-22T15:44:43","date_gmt":"2021-09-22T13:44:43","guid":{"rendered":"https:\/\/www.riff-systemhaus.online\/messe\/"},"modified":"2026-04-11T02:05:51","modified_gmt":"2026-04-11T00:05:51","slug":"messe","status":"publish","type":"page","link":"https:\/\/www.riff-systemhaus.online\/en\/messe\/","title":{"rendered":"Trade fair"},"content":{"rendered":"<p>[vc_row][vc_column][vc_empty_space height=&#8221;6.25em&#8221; el_class=&#8221;empty_space_top&#8221;][\/vc_column][\/vc_row][vc_row][vc_column][vc_column_text]<\/p>\n<p style=\"color: #14afb4;font-size: 3em;text-align: left\">Trade fair<\/p>\n<p>[\/vc_column_text][\/vc_column][\/vc_row][vc_row][vc_column][vc_column_text]<\/p>\n<p style=\"color: #262626;line-height: 1.5em;font-size: 1.1em;text-align: left\">Due to the current Covid-19 restrictions, our show dates and show reports will appear on this page at a later date.<\/p>\n<p>[\/vc_column_text][vc_column_text]<\/p>\n<p style=\"color: #262626;line-height: 1.5em;font-size: 1.1em;text-align: left\">We hope to be able to publicly exhibit our software products again in the near future and look forward to your visit!<br \/>\nStay healthy!  <a href=\"https:\/\/mainstreetslot-gacor-raja168.pages.dev\/\" target=\"_blank\" rel=\"noopener\">slot gacor m77<\/a><\/p>\n<p>[\/vc_column_text][vc_column_text]<\/p>\n<p style=\"color: #262626;line-height: 1.5em;font-size: 1.1em;text-align: left\">Your team from Riff Systemhaus &#8211; Bitstore Dorsten GmbH<\/p>\n<p>[\/vc_column_text][\/vc_column][\/vc_row][vc_row][vc_column][\/vc_column][\/vc_row][vc_row][vc_column]<div class=\"ult_row_spacer\"><div class=\"ult-sticky-anchor\"><div class=\"ult-sticky-section ult-sticky sticky\"  data-gutter= '15' data-stick_behaviour= 'stick_permanent' data-lr_position= 'right'  data-lr_value= '2em'  data-sticky_width= 'customwidth'55 data-sticky_customwidth= '55px' data-sticky_position= 'top' data-mobile='no' data-support='no'><div class=\" ubtn-ctn-center btn_signIn\"><span class=\"ubtn-center\"><button type=\"button\" id=\"ubtn-5388\"  class=\"ubtn ult-adjust-bottom-margin ult-responsive ubtn-custom ubtn-no-hover-bg  none  ubtn-sep-icon ubtn-sep-icon-at-left  ubtn-center  ubtn-only-icon btn_signIn  tooltip-69e1b58dc5f6f ubtn-tooltip left\" data-toggle=\"tooltip\" data-placement=\"left\" title=\"Log in\" data-hover=\"\" data-border-color=\"\" data-bg=\"\" data-hover-bg=\"\" data-border-hover=\"\" data-shadow-hover=\"\" data-shadow-click=\"none\" data-shadow=\"\" data-shd-shadow=\"\"  data-ultimate-target='#ubtn-5388'  data-responsive-json-new='{\"font-size\":\"\",\"line-height\":\"\"}'  style=\"font-weight:normal;width:px;min-height:px;padding:px px;border:none;\"><span class=\"ubtn-data ubtn-icon\"><i class=\"fas fa-sign-in-alt\" style=\"font-size:25px;color:#000000;\"><\/i><\/span><span class=\"ubtn-hover\" style=\"background-color:\"><\/span><span class=\"ubtn-data ubtn-text \" ><\/span><\/button><\/span><\/div><div class=\" ubtn-ctn-center \"><a class=\"ubtn-link ult-adjust-bottom-margin ubtn-center ubtn-custom \" href=\"https:\/\/www.riff-systemhaus.online\/kontakt\/\" ><button type=\"button\" id=\"ubtn-2235\"  class=\"ubtn ult-adjust-bottom-margin ult-responsive ubtn-custom ubtn-no-hover-bg  none  ubtn-sep-icon ubtn-sep-icon-at-left  ubtn-center  ubtn-only-icon   tooltip-69e1b58dc6036 ubtn-tooltip left\" data-toggle=\"tooltip\" data-placement=\"left\" title=\"Mail\" data-hover=\"\" data-border-color=\"\" data-bg=\"\" data-hover-bg=\"\" data-border-hover=\"\" data-shadow-hover=\"\" data-shadow-click=\"none\" data-shadow=\"\" data-shd-shadow=\"\"  data-ultimate-target='#ubtn-2235'  data-responsive-json-new='{\"font-size\":\"\",\"line-height\":\"\"}'  style=\"font-weight:normal;width:px;min-height:px;padding:px px;border:none;\"><span class=\"ubtn-data ubtn-icon\"><i class=\"icomoon-the7-font-the7-mail-01\" style=\"font-size:25px;color:#000000;\"><\/i><\/span><span class=\"ubtn-hover\" style=\"background-color:\"><\/span><span class=\"ubtn-data ubtn-text \" ><\/span><\/button><\/a><\/div><div class=\" ubtn-ctn-center \"><a class=\"ubtn-link ult-adjust-bottom-margin ubtn-center ubtn-custom \" href=\"tel:004923665699090\" ><button type=\"button\" id=\"ubtn-9252\"  class=\"ubtn ult-adjust-bottom-margin ult-responsive ubtn-custom ubtn-no-hover-bg  none  ubtn-sep-icon ubtn-sep-icon-at-left  ubtn-center  ubtn-only-icon   tooltip-69e1b58dc60d6 ubtn-tooltip left\" data-toggle=\"tooltip\" data-placement=\"left\" title=\"Phone\" data-hover=\"\" data-border-color=\"\" data-bg=\"\" data-hover-bg=\"\" data-border-hover=\"\" data-shadow-hover=\"\" data-shadow-click=\"none\" data-shadow=\"\" data-shd-shadow=\"\"  data-ultimate-target='#ubtn-9252'  data-responsive-json-new='{\"font-size\":\"\",\"line-height\":\"\"}'  style=\"font-weight:normal;width:px;min-height:px;padding:px px;border:none;\"><span class=\"ubtn-data ubtn-icon\"><i class=\"icomoon-the7-font-the7-phone-05\" style=\"font-size:25px;color:#000000;\"><\/i><\/span><span class=\"ubtn-hover\" style=\"background-color:\"><\/span><span class=\"ubtn-data ubtn-text \" ><\/span><\/button><\/a><\/div><div class=\" ubtn-ctn-center \"><a class=\"ubtn-link ult-adjust-bottom-margin ubtn-center ubtn-custom \" href=\"https:\/\/www.riff-systemhaus.online\/infos\/\" ><button type=\"button\" id=\"ubtn-1574\"  class=\"ubtn ult-adjust-bottom-margin ult-responsive ubtn-custom ubtn-no-hover-bg  none  ubtn-sep-icon ubtn-sep-icon-at-left  ubtn-center  ubtn-only-icon   tooltip-69e1b58dc614c ubtn-tooltip left\" data-toggle=\"tooltip\" data-placement=\"left\" title=\"Impressum\" data-hover=\"\" data-border-color=\"\" data-bg=\"\" data-hover-bg=\"\" data-border-hover=\"\" data-shadow-hover=\"\" data-shadow-click=\"none\" data-shadow=\"\" data-shd-shadow=\"\"  data-ultimate-target='#ubtn-1574'  data-responsive-json-new='{\"font-size\":\"\",\"line-height\":\"\"}'  style=\"font-weight:normal;width:px;min-height:px;padding:px px;border:none;\"><span class=\"ubtn-data ubtn-icon\"><i class=\"fas fa-info-circle\" style=\"font-size:25px;color:#000000;\"><\/i><\/span><span class=\"ubtn-hover\" style=\"background-color:\"><\/span><span class=\"ubtn-data ubtn-text \" ><\/span><\/button><\/a><\/div>[vc_empty_space height=&#8221;6.063em&#8221;]<div class=\" ubtn-ctn-center \"><a class=\"ubtn-link ult-adjust-bottom-margin ubtn-center ubtn-custom \" href=\"https:\/\/www.riff-systemhaus.online\/\" ><button type=\"button\" id=\"ubtn-6518\"  class=\"ubtn ult-adjust-bottom-margin ult-responsive ubtn-custom ubtn-no-hover-bg  none  ubtn-sep-icon ubtn-sep-icon-at-left  ubtn-center  ubtn-only-icon   tooltip-69e1b58dc61bf ubtn-tooltip left\" data-toggle=\"tooltip\" data-placement=\"left\" title=\"Home\" data-hover=\"\" data-border-color=\"\" data-bg=\"\" data-hover-bg=\"\" data-border-hover=\"\" data-shadow-hover=\"\" data-shadow-click=\"none\" data-shadow=\"\" data-shd-shadow=\"\"  data-ultimate-target='#ubtn-6518'  data-responsive-json-new='{\"font-size\":\"\",\"line-height\":\"\"}'  style=\"font-weight:normal;width:px;min-height:px;padding:px px;border:none;\"><span class=\"ubtn-data ubtn-icon\"><i class=\"icomoon-the7-font-the7-home-00\" style=\"font-size:25px;color:#000000;\"><\/i><\/span><span class=\"ubtn-hover\" style=\"background-color:\"><\/span><span class=\"ubtn-data ubtn-text \" ><\/span><\/button><\/a><\/div><\/div><div class=\"ult-space\"><\/div><\/div><\/div>[\/vc_column][\/vc_row]<\/p>\n","protected":false},"excerpt":{"rendered":"<p>[vc_row][vc_column][vc_empty_space height=&#8221;6.25em&#8221; el_class=&#8221;empty_space_top&#8221;][\/vc_column][\/vc_row][vc_row][vc_column][vc_column_text] Trade fair [\/vc_column_text][\/vc_column][\/vc_row][vc_row][vc_column][vc_column_text] Due to the current Covid-19 restrictions, our show dates and show reports will appear on this page at a later date. [\/vc_column_text][vc_column_text] We hope to be able to publicly exhibit our software products again in the near future and look forward to your visit! Stay healthy! slot gacor m77&hellip;<\/p>\n","protected":false},"author":6,"featured_media":0,"parent":0,"menu_order":0,"comment_status":"closed","ping_status":"closed","template":"","meta":[],"yoast_head":"<!-- This site is optimized with the Yoast SEO plugin v20.4 - https:\/\/yoast.com\/wordpress\/plugins\/seo\/ -->\n<title>Trade fair - Riff Systemhaus - Bitstore Dorsten GmbH<\/title>\n<meta name=\"robots\" content=\"index, follow, max-snippet:-1, max-image-preview:large, max-video-preview:-1\" \/>\n<link rel=\"canonical\" href=\"https:\/\/www.riff-systemhaus.online\/en\/messe\/\" \/>\n<meta property=\"og:locale\" content=\"en_US\" \/>\n<meta property=\"og:type\" content=\"article\" \/>\n<meta property=\"og:title\" content=\"Trade fair - Riff Systemhaus - Bitstore Dorsten GmbH\" \/>\n<meta property=\"og:description\" content=\"[vc_row][vc_column][vc_empty_space height=&#8221;6.25em&#8221; el_class=&#8221;empty_space_top&#8221;][\/vc_column][\/vc_row][vc_row][vc_column][vc_column_text] Trade fair [\/vc_column_text][\/vc_column][\/vc_row][vc_row][vc_column][vc_column_text] Due to the current Covid-19 restrictions, our show dates and show reports will appear on this page at a later date. [\/vc_column_text][vc_column_text] We hope to be able to publicly exhibit our software products again in the near future and look forward to your visit! Stay healthy! slot gacor m77&hellip;\" \/>\n<meta property=\"og:url\" content=\"https:\/\/www.riff-systemhaus.online\/en\/messe\/\" \/>\n<meta property=\"og:site_name\" content=\"Riff Systemhaus - Bitstore Dorsten GmbH\" \/>\n<meta property=\"article:publisher\" content=\"https:\/\/de-de.facebook.com\/RIFFSystemhaus\/\" \/>\n<meta property=\"article:modified_time\" content=\"2026-04-11T00:05:51+00:00\" \/>\n<meta name=\"twitter:card\" content=\"summary_large_image\" \/>\n<meta name=\"twitter:label1\" content=\"Est. reading time\" \/>\n\t<meta name=\"twitter:data1\" content=\"1 minute\" \/>\n<script type=\"application\/ld+json\" class=\"yoast-schema-graph\">{\"@context\":\"https:\/\/schema.org\",\"@graph\":[{\"@type\":\"WebPage\",\"@id\":\"https:\/\/www.riff-systemhaus.online\/en\/messe\/\",\"url\":\"https:\/\/www.riff-systemhaus.online\/en\/messe\/\",\"name\":\"Trade fair - Riff Systemhaus - Bitstore Dorsten GmbH\",\"isPartOf\":{\"@id\":\"https:\/\/www.riff-systemhaus.online\/#website\"},\"datePublished\":\"2021-09-22T13:44:43+00:00\",\"dateModified\":\"2026-04-11T00:05:51+00:00\",\"breadcrumb\":{\"@id\":\"https:\/\/www.riff-systemhaus.online\/en\/messe\/#breadcrumb\"},\"inLanguage\":\"en-US\",\"potentialAction\":[{\"@type\":\"ReadAction\",\"target\":[\"https:\/\/www.riff-systemhaus.online\/en\/messe\/\"]}]},{\"@type\":\"BreadcrumbList\",\"@id\":\"https:\/\/www.riff-systemhaus.online\/en\/messe\/#breadcrumb\",\"itemListElement\":[{\"@type\":\"ListItem\",\"position\":1,\"name\":\"Startseite\",\"item\":\"https:\/\/www.riff-systemhaus.online\/en\/\"},{\"@type\":\"ListItem\",\"position\":2,\"name\":\"Trade fair\"}]},{\"@type\":\"WebSite\",\"@id\":\"https:\/\/www.riff-systemhaus.online\/#website\",\"url\":\"https:\/\/www.riff-systemhaus.online\/\",\"name\":\"Riff Systemhaus - Bitstore Dorsten GmbH\",\"description\":\"Erstellen von Schwei\u00dfanweisungen - WPS, Verfahrenspr\u00fcfungen - VP und Schwei\u00dfer mit Zeugnissen\",\"publisher\":{\"@id\":\"https:\/\/www.riff-systemhaus.online\/#organization\"},\"potentialAction\":[{\"@type\":\"SearchAction\",\"target\":{\"@type\":\"EntryPoint\",\"urlTemplate\":\"https:\/\/www.riff-systemhaus.online\/?s={search_term_string}\"},\"query-input\":\"required name=search_term_string\"}],\"inLanguage\":\"en-US\"},{\"@type\":\"Organization\",\"@id\":\"https:\/\/www.riff-systemhaus.online\/#organization\",\"name\":\"RIFF Systemhaus GmbH\",\"url\":\"https:\/\/www.riff-systemhaus.online\/\",\"logo\":{\"@type\":\"ImageObject\",\"inLanguage\":\"en-US\",\"@id\":\"https:\/\/www.riff-systemhaus.online\/#\/schema\/logo\/image\/\",\"url\":\"https:\/\/www.riff-systemhaus.online\/wp-content\/uploads\/2016\/04\/riffLogo_middle-1.png\",\"contentUrl\":\"https:\/\/www.riff-systemhaus.online\/wp-content\/uploads\/2016\/04\/riffLogo_middle-1.png\",\"width\":203,\"height\":55,\"caption\":\"RIFF Systemhaus GmbH\"},\"image\":{\"@id\":\"https:\/\/www.riff-systemhaus.online\/#\/schema\/logo\/image\/\"},\"sameAs\":[\"https:\/\/de-de.facebook.com\/RIFFSystemhaus\/\",\"https:\/\/www.youtube.com\/channel\/UCq9qBcJPc3AVGrCQn6qlqXQ\"]}]}<\/script>\n<!-- \/ Yoast SEO plugin. -->","yoast_head_json":{"title":"Trade fair - Riff Systemhaus - Bitstore Dorsten GmbH","robots":{"index":"index","follow":"follow","max-snippet":"max-snippet:-1","max-image-preview":"max-image-preview:large","max-video-preview":"max-video-preview:-1"},"canonical":"https:\/\/www.riff-systemhaus.online\/en\/messe\/","og_locale":"en_US","og_type":"article","og_title":"Trade fair - Riff Systemhaus - Bitstore Dorsten GmbH","og_description":"[vc_row][vc_column][vc_empty_space height=&#8221;6.25em&#8221; el_class=&#8221;empty_space_top&#8221;][\/vc_column][\/vc_row][vc_row][vc_column][vc_column_text] Trade fair [\/vc_column_text][\/vc_column][\/vc_row][vc_row][vc_column][vc_column_text] Due to the current Covid-19 restrictions, our show dates and show reports will appear on this page at a later date. [\/vc_column_text][vc_column_text] We hope to be able to publicly exhibit our software products again in the near future and look forward to your visit! Stay healthy! slot gacor m77&hellip;","og_url":"https:\/\/www.riff-systemhaus.online\/en\/messe\/","og_site_name":"Riff Systemhaus - Bitstore Dorsten GmbH","article_publisher":"https:\/\/de-de.facebook.com\/RIFFSystemhaus\/","article_modified_time":"2026-04-11T00:05:51+00:00","twitter_card":"summary_large_image","twitter_misc":{"Est. reading time":"1 minute"},"schema":{"@context":"https:\/\/schema.org","@graph":[{"@type":"WebPage","@id":"https:\/\/www.riff-systemhaus.online\/en\/messe\/","url":"https:\/\/www.riff-systemhaus.online\/en\/messe\/","name":"Trade fair - Riff Systemhaus - Bitstore Dorsten GmbH","isPartOf":{"@id":"https:\/\/www.riff-systemhaus.online\/#website"},"datePublished":"2021-09-22T13:44:43+00:00","dateModified":"2026-04-11T00:05:51+00:00","breadcrumb":{"@id":"https:\/\/www.riff-systemhaus.online\/en\/messe\/#breadcrumb"},"inLanguage":"en-US","potentialAction":[{"@type":"ReadAction","target":["https:\/\/www.riff-systemhaus.online\/en\/messe\/"]}]},{"@type":"BreadcrumbList","@id":"https:\/\/www.riff-systemhaus.online\/en\/messe\/#breadcrumb","itemListElement":[{"@type":"ListItem","position":1,"name":"Startseite","item":"https:\/\/www.riff-systemhaus.online\/en\/"},{"@type":"ListItem","position":2,"name":"Trade fair"}]},{"@type":"WebSite","@id":"https:\/\/www.riff-systemhaus.online\/#website","url":"https:\/\/www.riff-systemhaus.online\/","name":"Riff Systemhaus - Bitstore Dorsten GmbH","description":"Erstellen von Schwei\u00dfanweisungen - WPS, Verfahrenspr\u00fcfungen - VP und Schwei\u00dfer mit Zeugnissen","publisher":{"@id":"https:\/\/www.riff-systemhaus.online\/#organization"},"potentialAction":[{"@type":"SearchAction","target":{"@type":"EntryPoint","urlTemplate":"https:\/\/www.riff-systemhaus.online\/?s={search_term_string}"},"query-input":"required name=search_term_string"}],"inLanguage":"en-US"},{"@type":"Organization","@id":"https:\/\/www.riff-systemhaus.online\/#organization","name":"RIFF Systemhaus GmbH","url":"https:\/\/www.riff-systemhaus.online\/","logo":{"@type":"ImageObject","inLanguage":"en-US","@id":"https:\/\/www.riff-systemhaus.online\/#\/schema\/logo\/image\/","url":"https:\/\/www.riff-systemhaus.online\/wp-content\/uploads\/2016\/04\/riffLogo_middle-1.png","contentUrl":"https:\/\/www.riff-systemhaus.online\/wp-content\/uploads\/2016\/04\/riffLogo_middle-1.png","width":203,"height":55,"caption":"RIFF Systemhaus GmbH"},"image":{"@id":"https:\/\/www.riff-systemhaus.online\/#\/schema\/logo\/image\/"},"sameAs":["https:\/\/de-de.facebook.com\/RIFFSystemhaus\/","https:\/\/www.youtube.com\/channel\/UCq9qBcJPc3AVGrCQn6qlqXQ"]}]}},"_links":{"self":[{"href":"https:\/\/www.riff-systemhaus.online\/en\/wp-json\/wp\/v2\/pages\/19476"}],"collection":[{"href":"https:\/\/www.riff-systemhaus.online\/en\/wp-json\/wp\/v2\/pages"}],"about":[{"href":"https:\/\/www.riff-systemhaus.online\/en\/wp-json\/wp\/v2\/types\/page"}],"author":[{"embeddable":true,"href":"https:\/\/www.riff-systemhaus.online\/en\/wp-json\/wp\/v2\/users\/6"}],"replies":[{"embeddable":true,"href":"https:\/\/www.riff-systemhaus.online\/en\/wp-json\/wp\/v2\/comments?post=19476"}],"version-history":[{"count":0,"href":"https:\/\/www.riff-systemhaus.online\/en\/wp-json\/wp\/v2\/pages\/19476\/revisions"}],"wp:attachment":[{"href":"https:\/\/www.riff-systemhaus.online\/en\/wp-json\/wp\/v2\/media?parent=19476"}],"curies":[{"name":"wp","href":"https:\/\/api.w.org\/{rel}","templated":true}]}}