{"id":19465,"date":"2021-08-16T12:34:24","date_gmt":"2021-08-16T10:34:24","guid":{"rendered":"https:\/\/www.riff-systemhaus.online\/bimas-web-2\/"},"modified":"2022-02-02T15:27:16","modified_gmt":"2022-02-02T14:27:16","slug":"bimas-web-2","status":"publish","type":"page","link":"https:\/\/www.riff-systemhaus.online\/en\/bimas-web-2\/","title":{"rendered":"BIMAS"},"content":{"rendered":"<p>[vc_row][vc_column][vc_empty_space height=&#8221;3.125em&#8221; el_class=&#8221;empty_space_top&#8221;][\/vc_column][\/vc_row][vc_row][vc_column width=&#8221;7\/12&#8243;][vc_column_text]<\/p>\n<p style=\"font-size: 1.75em; text-align: left; color: #14afb4;\">Management software for plant engineering<\/p>\n<p>[\/vc_column_text][vc_column_text]<\/p>\n<p style=\"font-size: 1.1em; line-height: 1.5em; text-align: left; color: #262626;\">Several man-years of program work and the know-how of experienced engineers have gone into the program development of <span style=\"color: #14afb4;\">BIMAS<sup>WEB<\/sup><\/span>BIMAS<sup>WEB<\/sup> is continuously developed further. This has resulted in a high level of acceptance of the program among users.<\/p>\n<p>[\/vc_column_text][vc_empty_space height=&#8221;3.125em&#8221;][\/vc_column][vc_column width=&#8221;5\/12&#8243;][vc_custom_heading text=&#8221;FOR RENT&#8221; font_container=&#8221;tag:h2|font_size:4.5em|text_align:right|color:%2314afb4&#8243; google_fonts=&#8221;font_family:Michroma%3Aregular|font_style:400%20regular%3A400%3Anormal&#8221; el_class=&#8221;txt_bimas_for_rent&#8221;][vc_empty_space height=&#8221;0.625em&#8221;][vc_custom_heading text=&#8221;SOFTWARE AS A SERVICE&#8221; font_container=&#8221;tag:h3|font_size:1.5em|text_align:right|color:%2314afb4&#8243; google_fonts=&#8221;font_family:Michroma%3Aregular|font_style:400%20regular%3A400%3Anormal&#8221; el_class=&#8221;txt_bimas_software_as_a_service&#8221;][\/vc_column][\/vc_row][vc_row type=&#8221;vc_default&#8221; full_width=&#8221;stretch_row_content&#8221; full_height=&#8221;yes&#8221; bg_type=&#8221;image&#8221; parallax_style=&#8221;vcpb-default&#8221; bg_image_new=&#8221;id^18580|url^https:\/\/www.riff-systemhaus.online\/wp-content\/uploads\/2021\/08\/Bimas_Head-1.png|caption^null|alt^null|title^Bimas_Head|description^null&#8221; bg_image_repeat=&#8221;no-repeat&#8221; bg_image_size=&#8221;contain&#8221; bg_override=&#8221;full&#8221; el_class=&#8221;img_bimas_web&#8221;][vc_column][\/vc_column][\/vc_row][vc_row][vc_column width=&#8221;1\/2&#8243;][vc_empty_space height=&#8221;6.25em&#8221;][vc_column_text el_class=&#8221;txt_bimas_vorteile&#8221;]<\/p>\n<p style=\"color: #14afb4; font-size: 3.75em; text-align: left;\">Your advantages at a glance<\/p>\n<p>[\/vc_column_text][vc_column_text]<\/p>\n<ul style=\"color: #262626; font-size: 1.1em; line-height: 1.6em;\">\n<li>High efficiency and low operating costs<\/li>\n<li>Shared, simultaneous, and secure use of data by all project stakeholders.<\/li>\n<li>Easy installation and uncomplicated operation<\/li>\n<li>Management of associated documents<\/li>\n<li>User administration (group rights\/user assignment per project)<\/li>\n<li>Multilingual interfaces (DE\/EN as standard, PL\/FR, etc. optional)<\/li>\n<\/ul>\n<p>[\/vc_column_text][\/vc_column][vc_column width=&#8221;1\/2&#8243;][vc_empty_space height=&#8221;20.625em&#8221; el_class=&#8221;empty_space_bimas_faktencheck&#8221;][vc_column_text el_class=&#8221;txt_bimas_faktencheck&#8221;]<\/p>\n<p style=\"color: #14afb4; font-size: 5em; text-align: right;\">Fact Check<\/p>\n<p>[\/vc_column_text][\/vc_column][\/vc_row][vc_row][vc_column][vc_empty_space height=&#8221;6.25em&#8221;][vc_single_image image=&#8221;18389&#8243; img_size=&#8221;full&#8221; alignment=&#8221;center&#8221;][\/vc_column][\/vc_row][vc_row type=&#8221;vc_default&#8221; full_width=&#8221;stretch_row_content&#8221; full_height=&#8221;yes&#8221; bg_type=&#8221;image&#8221; parallax_style=&#8221;vcpb-default&#8221; bg_image_new=&#8221;id^18540|url^https:\/\/www.riff-systemhaus.online\/wp-content\/uploads\/2021\/08\/EN1090_Produktumfamg4.png|caption^null|alt^null|title^EN1090_Produktumfamg4|description^null&#8221; bg_image_repeat=&#8221;no-repeat&#8221; bg_image_size=&#8221;contain&#8221; bg_image_posiiton=&#8221;0&#8243; bg_override=&#8221;full&#8221; el_class=&#8221;img_produktumfang&#8221; css=&#8221;.vc_custom_1628240795170{margin-bottom: -750px !important;}&#8221;][vc_column][\/vc_column][\/vc_row][vc_row][vc_column][vc_column_text]<\/p>\n<p style=\"color: #14afb4; font-size: 1.75em; text-align: left;\">Program features<\/p>\n<p>[\/vc_column_text][\/vc_column][vc_column width=&#8221;1\/2&#8243;][vc_column_text]<\/p>\n<ul style=\"color: #262626; font-size: 1.1em; line-height: 1.2em;\">\n<li>Capture of the welding details of the assembly drawing<br \/>\n(welding plan positions)<\/li>\n<li style=\"margin-top: 1.25em;\">Recording of all welding and testing specifications for the project (preparation of the welding and testing plan).<\/li>\n<li style=\"margin-top: 1.25em;\">Recording the qualifications of the welding and testing personnel of the participating companies.<\/li>\n<li style=\"margin-top: 1.25em;\">Recording and documenting the welds, anneals and NDT tests performed.<\/li>\n<\/ul>\n<p>[\/vc_column_text][\/vc_column][vc_column width=&#8221;1\/2&#8243;][vc_column_text]<\/p>\n<ul style=\"color: #262626; font-size: 1.1em; line-height: 1.2em;\">\n<li>Welding plan related preparation of welding and testing customer documentation (final documentation, document management).<\/li>\n<li style=\"margin-top: 1.25em;\">Status report on progress and quality documentation of the work performed (monitoring).<\/li>\n<li style=\"margin-top: 1.25em;\">Provide project management with up-to-date information to optimize quality and performance.<\/li>\n<li style=\"margin-top: 1.25em;\">Target and actual status of the production status can be displayed graphically. Emerging bottlenecks and deviations from the plan are thus detected at an early stage.<\/li>\n<\/ul>\n<p>[\/vc_column_text][\/vc_column][\/vc_row][vc_row type=&#8221;vc_default&#8221; full_width=&#8221;stretch_row_content&#8221; full_height=&#8221;yes&#8221; bg_type=&#8221;image&#8221; parallax_style=&#8221;vcpb-default&#8221; bg_image_new=&#8221;id^18391|url^https:\/\/www.riff-systemhaus.online\/wp-content\/uploads\/2021\/08\/Bimas_Logo_Seitenende.png|caption^null|alt^null|title^Bimas_Logo_Seitenende|description^null&#8221; bg_image_repeat=&#8221;no-repeat&#8221; bg_image_size=&#8221;contain&#8221; bg_image_posiiton=&#8221;0&#8243; bg_override=&#8221;full&#8221; el_class=&#8221;img_bimas_logo&#8221;][vc_column][\/vc_column][\/vc_row][vc_row][vc_column]<div class=\"ult_row_spacer\"><div class=\"ult-sticky-anchor\"><div class=\"ult-sticky-section ult-sticky sticky\"  data-gutter= '15' data-stick_behaviour= 'stick_permanent' data-lr_position= 'right'  data-lr_value= '2em'  data-sticky_width= 'customwidth'55 data-sticky_customwidth= '55px' data-sticky_position= 'top' data-mobile='no' data-support='no'><div class=\" ubtn-ctn-center btn_signIn\"><span class=\"ubtn-center\"><button type=\"button\" id=\"ubtn-6976\"  class=\"ubtn ult-adjust-bottom-margin ult-responsive ubtn-custom ubtn-no-hover-bg  none  ubtn-sep-icon ubtn-sep-icon-at-left  ubtn-center  ubtn-only-icon btn_signIn  tooltip-69da3b6205d94 ubtn-tooltip left\" data-toggle=\"tooltip\" data-placement=\"left\" title=\"Log in\" data-hover=\"\" data-border-color=\"\" data-bg=\"\" data-hover-bg=\"\" data-border-hover=\"\" data-shadow-hover=\"\" data-shadow-click=\"none\" data-shadow=\"\" data-shd-shadow=\"\"  data-ultimate-target='#ubtn-6976'  data-responsive-json-new='{\"font-size\":\"\",\"line-height\":\"\"}'  style=\"font-weight:normal;width:px;min-height:px;padding:px px;border:none;\"><span class=\"ubtn-data ubtn-icon\"><i class=\"Defaults-sign-in\" style=\"font-size:25px;color:#000000;\"><\/i><\/span><span class=\"ubtn-hover\" style=\"background-color:\"><\/span><span class=\"ubtn-data ubtn-text \" ><\/span><\/button><\/span><\/div><div class=\" ubtn-ctn-center \"><a class=\"ubtn-link ult-adjust-bottom-margin ubtn-center ubtn-custom \" href=\"https:\/\/www.riff-systemhaus.online\/kontakt\/\" ><button type=\"button\" id=\"ubtn-5882\"  class=\"ubtn ult-adjust-bottom-margin ult-responsive ubtn-custom ubtn-no-hover-bg  none  ubtn-sep-icon ubtn-sep-icon-at-left  ubtn-center  ubtn-only-icon   tooltip-69da3b6205e62 ubtn-tooltip left\" data-toggle=\"tooltip\" data-placement=\"left\" title=\"Mail\" data-hover=\"\" data-border-color=\"\" data-bg=\"\" data-hover-bg=\"\" data-border-hover=\"\" data-shadow-hover=\"\" data-shadow-click=\"none\" data-shadow=\"\" data-shd-shadow=\"\"  data-ultimate-target='#ubtn-5882'  data-responsive-json-new='{\"font-size\":\"\",\"line-height\":\"\"}'  style=\"font-weight:normal;width:px;min-height:px;padding:px px;border:none;\"><span class=\"ubtn-data ubtn-icon\"><i class=\"icomoon-the7-font-the7-mail-01\" style=\"font-size:25px;color:#000000;\"><\/i><\/span><span class=\"ubtn-hover\" style=\"background-color:\"><\/span><span class=\"ubtn-data ubtn-text \" ><\/span><\/button><\/a><\/div><div class=\" ubtn-ctn-center \"><a class=\"ubtn-link ult-adjust-bottom-margin ubtn-center ubtn-custom \" href=\"tel:004923665699090\" ><button type=\"button\" id=\"ubtn-2338\"  class=\"ubtn ult-adjust-bottom-margin ult-responsive ubtn-custom ubtn-no-hover-bg  none  ubtn-sep-icon ubtn-sep-icon-at-left  ubtn-center  ubtn-only-icon   tooltip-69da3b6205ef5 ubtn-tooltip left\" data-toggle=\"tooltip\" data-placement=\"left\" title=\"Phone\" data-hover=\"\" data-border-color=\"\" data-bg=\"\" data-hover-bg=\"\" data-border-hover=\"\" data-shadow-hover=\"\" data-shadow-click=\"none\" data-shadow=\"\" data-shd-shadow=\"\"  data-ultimate-target='#ubtn-2338'  data-responsive-json-new='{\"font-size\":\"\",\"line-height\":\"\"}'  style=\"font-weight:normal;width:px;min-height:px;padding:px px;border:none;\"><span class=\"ubtn-data ubtn-icon\"><i class=\"icomoon-the7-font-the7-phone-05\" style=\"font-size:25px;color:#000000;\"><\/i><\/span><span class=\"ubtn-hover\" style=\"background-color:\"><\/span><span class=\"ubtn-data ubtn-text \" ><\/span><\/button><\/a><\/div><div class=\" ubtn-ctn-center \"><a class=\"ubtn-link ult-adjust-bottom-margin ubtn-center ubtn-custom \" href=\"https:\/\/www.riff-systemhaus.online\/infos\/\" ><button type=\"button\" id=\"ubtn-6371\"  class=\"ubtn ult-adjust-bottom-margin ult-responsive ubtn-custom ubtn-no-hover-bg  none  ubtn-sep-icon ubtn-sep-icon-at-left  ubtn-center  ubtn-only-icon   tooltip-69da3b6205f69 ubtn-tooltip left\" data-toggle=\"tooltip\" data-placement=\"left\" title=\"Impressum\" data-hover=\"\" data-border-color=\"\" data-bg=\"\" data-hover-bg=\"\" data-border-hover=\"\" data-shadow-hover=\"\" data-shadow-click=\"none\" data-shadow=\"\" data-shd-shadow=\"\"  data-ultimate-target='#ubtn-6371'  data-responsive-json-new='{\"font-size\":\"\",\"line-height\":\"\"}'  style=\"font-weight:normal;width:px;min-height:px;padding:px px;border:none;\"><span class=\"ubtn-data ubtn-icon\"><i class=\"fas fa-info-circle\" style=\"font-size:25px;color:#000000;\"><\/i><\/span><span class=\"ubtn-hover\" style=\"background-color:\"><\/span><span class=\"ubtn-data ubtn-text \" ><\/span><\/button><\/a><\/div>[vc_empty_space height=&#8221;6.063em&#8221;]<div class=\" ubtn-ctn-center \"><a class=\"ubtn-link ult-adjust-bottom-margin ubtn-center ubtn-custom \" href=\"https:\/\/www.riff-systemhaus.online\/\" ><button type=\"button\" id=\"ubtn-3076\"  class=\"ubtn ult-adjust-bottom-margin ult-responsive ubtn-custom ubtn-no-hover-bg  none  ubtn-sep-icon ubtn-sep-icon-at-left  ubtn-center  ubtn-only-icon   tooltip-69da3b6205fd9 ubtn-tooltip left\" data-toggle=\"tooltip\" data-placement=\"left\" title=\"Home\" data-hover=\"\" data-border-color=\"\" data-bg=\"\" data-hover-bg=\"\" data-border-hover=\"\" data-shadow-hover=\"\" data-shadow-click=\"none\" data-shadow=\"\" data-shd-shadow=\"\"  data-ultimate-target='#ubtn-3076'  data-responsive-json-new='{\"font-size\":\"\",\"line-height\":\"\"}'  style=\"font-weight:normal;width:px;min-height:px;padding:px px;border:none;\"><span class=\"ubtn-data ubtn-icon\"><i class=\"icomoon-the7-font-the7-home-00\" style=\"font-size:25px;color:#000000;\"><\/i><\/span><span class=\"ubtn-hover\" style=\"background-color:\"><\/span><span class=\"ubtn-data ubtn-text \" ><\/span><\/button><\/a><\/div><\/div><div class=\"ult-space\"><\/div><\/div><\/div>[\/vc_column][\/vc_row]<\/p>\n","protected":false},"excerpt":{"rendered":"<p>[vc_row][vc_column][vc_empty_space height=&#8221;3.125em&#8221; el_class=&#8221;empty_space_top&#8221;][\/vc_column][\/vc_row][vc_row][vc_column width=&#8221;7\/12&#8243;][vc_column_text] Management software for plant engineering [\/vc_column_text][vc_column_text] Several man-years of program work and the know-how of experienced engineers have gone into the program development of BIMASWEBBIMASWEB is continuously developed further. This has resulted in a high level of acceptance of the program among users. [\/vc_column_text][vc_empty_space height=&#8221;3.125em&#8221;][\/vc_column][vc_column width=&#8221;5\/12&#8243;][vc_custom_heading text=&#8221;FOR RENT&#8221; font_container=&#8221;tag:h2|font_size:4.5em|text_align:right|color:%2314afb4&#8243; google_fonts=&#8221;font_family:Michroma%3Aregular|font_style:400%20regular%3A400%3Anormal&#8221; el_class=&#8221;txt_bimas_for_rent&#8221;][vc_empty_space&hellip;<\/p>\n","protected":false},"author":6,"featured_media":0,"parent":0,"menu_order":0,"comment_status":"closed","ping_status":"closed","template":"","meta":[],"yoast_head":"<!-- This site is optimized with the Yoast SEO plugin v20.4 - https:\/\/yoast.com\/wordpress\/plugins\/seo\/ -->\n<title>BIMAS - Riff Systemhaus - Bitstore Dorsten GmbH<\/title>\n<meta name=\"robots\" content=\"index, follow, max-snippet:-1, max-image-preview:large, max-video-preview:-1\" \/>\n<link rel=\"canonical\" href=\"https:\/\/www.riff-systemhaus.online\/en\/bimas-web-2\/\" \/>\n<meta property=\"og:locale\" content=\"en_US\" \/>\n<meta property=\"og:type\" content=\"article\" \/>\n<meta property=\"og:title\" content=\"BIMAS - Riff Systemhaus - Bitstore Dorsten GmbH\" \/>\n<meta property=\"og:description\" content=\"[vc_row][vc_column][vc_empty_space height=&#8221;3.125em&#8221; el_class=&#8221;empty_space_top&#8221;][\/vc_column][\/vc_row][vc_row][vc_column width=&#8221;7\/12&#8243;][vc_column_text] Management software for plant engineering [\/vc_column_text][vc_column_text] Several man-years of program work and the know-how of experienced engineers have gone into the program development of BIMASWEBBIMASWEB is continuously developed further. This has resulted in a high level of acceptance of the program among users. [\/vc_column_text][vc_empty_space height=&#8221;3.125em&#8221;][\/vc_column][vc_column width=&#8221;5\/12&#8243;][vc_custom_heading text=&#8221;FOR RENT&#8221; font_container=&#8221;tag:h2|font_size:4.5em|text_align:right|color:%2314afb4&#8243; google_fonts=&#8221;font_family:Michroma%3Aregular|font_style:400%20regular%3A400%3Anormal&#8221; el_class=&#8221;txt_bimas_for_rent&#8221;][vc_empty_space&hellip;\" \/>\n<meta property=\"og:url\" content=\"https:\/\/www.riff-systemhaus.online\/en\/bimas-web-2\/\" \/>\n<meta property=\"og:site_name\" content=\"Riff Systemhaus - Bitstore Dorsten GmbH\" \/>\n<meta property=\"article:publisher\" content=\"https:\/\/de-de.facebook.com\/RIFFSystemhaus\/\" \/>\n<meta property=\"article:modified_time\" content=\"2022-02-02T14:27:16+00:00\" \/>\n<meta name=\"twitter:card\" content=\"summary_large_image\" \/>\n<meta name=\"twitter:label1\" content=\"Est. reading time\" \/>\n\t<meta name=\"twitter:data1\" content=\"2 minutes\" \/>\n<script type=\"application\/ld+json\" class=\"yoast-schema-graph\">{\"@context\":\"https:\/\/schema.org\",\"@graph\":[{\"@type\":\"WebPage\",\"@id\":\"https:\/\/www.riff-systemhaus.online\/en\/bimas-web-2\/\",\"url\":\"https:\/\/www.riff-systemhaus.online\/en\/bimas-web-2\/\",\"name\":\"BIMAS - Riff Systemhaus - Bitstore Dorsten GmbH\",\"isPartOf\":{\"@id\":\"https:\/\/www.riff-systemhaus.online\/#website\"},\"datePublished\":\"2021-08-16T10:34:24+00:00\",\"dateModified\":\"2022-02-02T14:27:16+00:00\",\"breadcrumb\":{\"@id\":\"https:\/\/www.riff-systemhaus.online\/en\/bimas-web-2\/#breadcrumb\"},\"inLanguage\":\"en-US\",\"potentialAction\":[{\"@type\":\"ReadAction\",\"target\":[\"https:\/\/www.riff-systemhaus.online\/en\/bimas-web-2\/\"]}]},{\"@type\":\"BreadcrumbList\",\"@id\":\"https:\/\/www.riff-systemhaus.online\/en\/bimas-web-2\/#breadcrumb\",\"itemListElement\":[{\"@type\":\"ListItem\",\"position\":1,\"name\":\"Startseite\",\"item\":\"https:\/\/www.riff-systemhaus.online\/en\/\"},{\"@type\":\"ListItem\",\"position\":2,\"name\":\"BIMAS\"}]},{\"@type\":\"WebSite\",\"@id\":\"https:\/\/www.riff-systemhaus.online\/#website\",\"url\":\"https:\/\/www.riff-systemhaus.online\/\",\"name\":\"Riff Systemhaus - Bitstore Dorsten GmbH\",\"description\":\"Erstellen von Schwei\u00dfanweisungen - WPS, Verfahrenspr\u00fcfungen - VP und Schwei\u00dfer mit Zeugnissen\",\"publisher\":{\"@id\":\"https:\/\/www.riff-systemhaus.online\/#organization\"},\"potentialAction\":[{\"@type\":\"SearchAction\",\"target\":{\"@type\":\"EntryPoint\",\"urlTemplate\":\"https:\/\/www.riff-systemhaus.online\/?s={search_term_string}\"},\"query-input\":\"required name=search_term_string\"}],\"inLanguage\":\"en-US\"},{\"@type\":\"Organization\",\"@id\":\"https:\/\/www.riff-systemhaus.online\/#organization\",\"name\":\"RIFF Systemhaus GmbH\",\"url\":\"https:\/\/www.riff-systemhaus.online\/\",\"logo\":{\"@type\":\"ImageObject\",\"inLanguage\":\"en-US\",\"@id\":\"https:\/\/www.riff-systemhaus.online\/#\/schema\/logo\/image\/\",\"url\":\"https:\/\/www.riff-systemhaus.online\/wp-content\/uploads\/2016\/04\/riffLogo_middle-1.png\",\"contentUrl\":\"https:\/\/www.riff-systemhaus.online\/wp-content\/uploads\/2016\/04\/riffLogo_middle-1.png\",\"width\":203,\"height\":55,\"caption\":\"RIFF Systemhaus GmbH\"},\"image\":{\"@id\":\"https:\/\/www.riff-systemhaus.online\/#\/schema\/logo\/image\/\"},\"sameAs\":[\"https:\/\/de-de.facebook.com\/RIFFSystemhaus\/\",\"https:\/\/www.youtube.com\/channel\/UCq9qBcJPc3AVGrCQn6qlqXQ\"]}]}<\/script>\n<!-- \/ Yoast SEO plugin. -->","yoast_head_json":{"title":"BIMAS - Riff Systemhaus - Bitstore Dorsten GmbH","robots":{"index":"index","follow":"follow","max-snippet":"max-snippet:-1","max-image-preview":"max-image-preview:large","max-video-preview":"max-video-preview:-1"},"canonical":"https:\/\/www.riff-systemhaus.online\/en\/bimas-web-2\/","og_locale":"en_US","og_type":"article","og_title":"BIMAS - Riff Systemhaus - Bitstore Dorsten GmbH","og_description":"[vc_row][vc_column][vc_empty_space height=&#8221;3.125em&#8221; el_class=&#8221;empty_space_top&#8221;][\/vc_column][\/vc_row][vc_row][vc_column width=&#8221;7\/12&#8243;][vc_column_text] Management software for plant engineering [\/vc_column_text][vc_column_text] Several man-years of program work and the know-how of experienced engineers have gone into the program development of BIMASWEBBIMASWEB is continuously developed further. This has resulted in a high level of acceptance of the program among users. [\/vc_column_text][vc_empty_space height=&#8221;3.125em&#8221;][\/vc_column][vc_column width=&#8221;5\/12&#8243;][vc_custom_heading text=&#8221;FOR RENT&#8221; font_container=&#8221;tag:h2|font_size:4.5em|text_align:right|color:%2314afb4&#8243; google_fonts=&#8221;font_family:Michroma%3Aregular|font_style:400%20regular%3A400%3Anormal&#8221; el_class=&#8221;txt_bimas_for_rent&#8221;][vc_empty_space&hellip;","og_url":"https:\/\/www.riff-systemhaus.online\/en\/bimas-web-2\/","og_site_name":"Riff Systemhaus - Bitstore Dorsten GmbH","article_publisher":"https:\/\/de-de.facebook.com\/RIFFSystemhaus\/","article_modified_time":"2022-02-02T14:27:16+00:00","twitter_card":"summary_large_image","twitter_misc":{"Est. reading time":"2 minutes"},"schema":{"@context":"https:\/\/schema.org","@graph":[{"@type":"WebPage","@id":"https:\/\/www.riff-systemhaus.online\/en\/bimas-web-2\/","url":"https:\/\/www.riff-systemhaus.online\/en\/bimas-web-2\/","name":"BIMAS - Riff Systemhaus - Bitstore Dorsten GmbH","isPartOf":{"@id":"https:\/\/www.riff-systemhaus.online\/#website"},"datePublished":"2021-08-16T10:34:24+00:00","dateModified":"2022-02-02T14:27:16+00:00","breadcrumb":{"@id":"https:\/\/www.riff-systemhaus.online\/en\/bimas-web-2\/#breadcrumb"},"inLanguage":"en-US","potentialAction":[{"@type":"ReadAction","target":["https:\/\/www.riff-systemhaus.online\/en\/bimas-web-2\/"]}]},{"@type":"BreadcrumbList","@id":"https:\/\/www.riff-systemhaus.online\/en\/bimas-web-2\/#breadcrumb","itemListElement":[{"@type":"ListItem","position":1,"name":"Startseite","item":"https:\/\/www.riff-systemhaus.online\/en\/"},{"@type":"ListItem","position":2,"name":"BIMAS"}]},{"@type":"WebSite","@id":"https:\/\/www.riff-systemhaus.online\/#website","url":"https:\/\/www.riff-systemhaus.online\/","name":"Riff Systemhaus - Bitstore Dorsten GmbH","description":"Erstellen von Schwei\u00dfanweisungen - WPS, Verfahrenspr\u00fcfungen - VP und Schwei\u00dfer mit Zeugnissen","publisher":{"@id":"https:\/\/www.riff-systemhaus.online\/#organization"},"potentialAction":[{"@type":"SearchAction","target":{"@type":"EntryPoint","urlTemplate":"https:\/\/www.riff-systemhaus.online\/?s={search_term_string}"},"query-input":"required name=search_term_string"}],"inLanguage":"en-US"},{"@type":"Organization","@id":"https:\/\/www.riff-systemhaus.online\/#organization","name":"RIFF Systemhaus GmbH","url":"https:\/\/www.riff-systemhaus.online\/","logo":{"@type":"ImageObject","inLanguage":"en-US","@id":"https:\/\/www.riff-systemhaus.online\/#\/schema\/logo\/image\/","url":"https:\/\/www.riff-systemhaus.online\/wp-content\/uploads\/2016\/04\/riffLogo_middle-1.png","contentUrl":"https:\/\/www.riff-systemhaus.online\/wp-content\/uploads\/2016\/04\/riffLogo_middle-1.png","width":203,"height":55,"caption":"RIFF Systemhaus GmbH"},"image":{"@id":"https:\/\/www.riff-systemhaus.online\/#\/schema\/logo\/image\/"},"sameAs":["https:\/\/de-de.facebook.com\/RIFFSystemhaus\/","https:\/\/www.youtube.com\/channel\/UCq9qBcJPc3AVGrCQn6qlqXQ"]}]}},"_links":{"self":[{"href":"https:\/\/www.riff-systemhaus.online\/en\/wp-json\/wp\/v2\/pages\/19465"}],"collection":[{"href":"https:\/\/www.riff-systemhaus.online\/en\/wp-json\/wp\/v2\/pages"}],"about":[{"href":"https:\/\/www.riff-systemhaus.online\/en\/wp-json\/wp\/v2\/types\/page"}],"author":[{"embeddable":true,"href":"https:\/\/www.riff-systemhaus.online\/en\/wp-json\/wp\/v2\/users\/6"}],"replies":[{"embeddable":true,"href":"https:\/\/www.riff-systemhaus.online\/en\/wp-json\/wp\/v2\/comments?post=19465"}],"version-history":[{"count":3,"href":"https:\/\/www.riff-systemhaus.online\/en\/wp-json\/wp\/v2\/pages\/19465\/revisions"}],"predecessor-version":[{"id":19669,"href":"https:\/\/www.riff-systemhaus.online\/en\/wp-json\/wp\/v2\/pages\/19465\/revisions\/19669"}],"wp:attachment":[{"href":"https:\/\/www.riff-systemhaus.online\/en\/wp-json\/wp\/v2\/media?parent=19465"}],"curies":[{"name":"wp","href":"https:\/\/api.w.org\/{rel}","templated":true}]}}