{"id":16801,"date":"2016-07-21T10:20:41","date_gmt":"2016-07-21T08:20:41","guid":{"rendered":"https:\/\/www.riff-systemhaus.online\/?page_id=16801&#038;lang=en"},"modified":"2018-09-20T10:17:46","modified_gmt":"2018-09-20T08:17:46","slug":"impressum","status":"publish","type":"page","link":"https:\/\/www.riff-systemhaus.online\/en\/impressum\/","title":{"rendered":"Impressum"},"content":{"rendered":"<p>[vc_row][vc_column][vc_column_text]<\/p>\n<h3>Legal Disclosure<\/h3>\n<p>Information in accordance with section 5 TMG<\/p>\n<p>Riff Systemhaus GmbH<br \/>\nLise-Meitner-Stra\u00dfe 15<br \/>\n45699 Herten<\/p>\n<h4>Represented by<\/h4>\n<p>Frank Riff<\/p>\n<h4>Contact<\/h4>\n<p>Telephone: +49 (0)2366 \/ 567 362<br \/>\nFax: +49 (0)2366 \/ 567 362 250<br \/>\nE-Mail: <a href=\"mailto:info@riff-systemhaus.info\">info@riff-systemhaus.info<\/a><br \/>\nInternetadresse: <a href=\"https:\/\/www.riff-systemhaus.online\" target=\"_blank\" rel=\"noopener\">riff-systemhaus.info<\/a><\/p>\n<h4>Register entry<\/h4>\n<p>Entry in Handelsregister<br \/>\nRegister Number: HRB 6303<br \/>\nRegister Court: Amtsgericht Recklinghausen<\/p>\n<h4>VAT number<\/h4>\n<p>VAT indentification number in accorance with section 27 a of the German VAT act<br \/>\nDE 20 45 99 475<\/p>\n<h4>Person responsible for content in accordance with 55 Abs. 2 RStV<\/h4>\n<p>Frank Riff<\/p>\n<h4>Disclaimer<\/h4>\n<p>Accountability for content<br \/>\nThe contents of our pages have been created with the utmost care. However, we cannot guarantee the contents&#8217; accuracy, completeness or topicality. According to statutory provisions, we are furthermore responsible for our own content on these web pages. In this context, please note that we are accordingly not obliged to monitor merely the transmitted or saved information of third parties, or investigate circumstances pointing to illegal activity. Our obligations to remove or block the use of information under generally applicable laws remain unaffected by this as per \u00a7\u00a7 8 to 10 of the Telemedia Act (TMG).<\/p>\n<p>Accountability for links<br \/>\nResponsibility for the content of external links (to web pages of third parties) lies solely with the operators of the linked pages. No violations were evident to us at the time of linking. Should any legal infringement become known to us, we will remove the respective link immediately.<\/p>\n<p>Copyright<br \/>\nOur web pages and their contents are subject to German copyright law. Unless expressly permitted by law (\u00a7 44a et seq. of the copyright law), every form of utilizing, reproducing or processing works subject to copyright protection on our web pages requires the prior consent of the respective owner of the rights. Individual reproductions of a work are allowed only for private use, so must not serve either directly or indirectly for earnings. Unauthorized utilization of copyrighted works is punishable (\u00a7 106 of the copyright law).<\/p>\n<h3>Privacy Statement<\/h3>\n<h4>General<\/h4>\n<p>Your personal data (e.g. title, name, house address, e-mail address, phone number, bank details, credit card number) are processed by us only in accordance with the provisions of German data privacy laws. The following provisions describe the type, scope and purpose of collecting, processing and utilizing personal data. This data privacy policy applies only to our web pages. If links on our pages route you to other pages, please inquire there about how your data are handled in such cases.<\/p>\n<h4>Inventory data<\/h4>\n<p>(1) Your personal data, insofar as these are necessary for this contractual relationship (inventory data) in terms of its establishment, organization of content and modifications, are used exclusively for fulfilling the contract. For goods to be delivered, for instance, your name and address must be relayed to the supplier of the goods.<br \/>\n(2) Without your explicit consent or a legal basis, your personal data are not passed on to third parties outside the scope of fulfilling this contract. After completion of the contract, your data are blocked against further use. After expiry of deadlines as per tax-related and commercial regulations, these data are deleted unless you have expressly consented to their further use.<\/p>\n<h4>Web analysis with Google Analytics<\/h4>\n<p>This website uses Google Analytics, a web analysis service of Google Inc. (Google). Google Analytics uses cookies, i.e. text files stored on your computer to enable analysis of website usage by you. Information generated by the cookie about your use of this website is usually transmitted to a Google server in the United States and stored there. In case of activated IP anonymization on this website, however, your IP address is previously truncated by Google within member states of the European Union or in other states which are party to the agreement on the European Economic Area. Only in exceptional cases is a full IP address transmitted to a Google server in the United States and truncated there. On behalf this website&#8217;s owner, Google will use this information to evaluate your use of the website, compile reports about website activities, and provide the website&#8217;s operator with further services related to website and Internet usage. The IP address sent from your browser as part of Google Analytics is not merged with other data by Google. You can prevent storage of cookies by appropriately setting your browser software; in this case, however, please note that you might not be able to fully use all functions offered by this website. In addition, you can prevent data generated by the cookie and relating to your use of the website (including your IP address) from being collected and processed by Google, by downloading and installing a browser plug-in from the following link: <a href=\"http:\/\/tools.google.com\/dlpage\/gaoptout?hl=en\" target=\"_blank\" rel=\"noopener\">http:\/\/tools.google.com\/dlpage\/gaoptout?hl=en<\/a><\/p>\n<p>This website uses Google Analytics with the extension &#8220;anonymizeIP()&#8221;, IP addresses being truncated before further processing in order to rule out direct associations to persons.<\/p>\n<h4>Information about cookies<\/h4>\n<p>(1) To optimize our web presence, we use cookies. These are small text files stored in your computer&#8217;s main memory. These cookies are deleted after you close the browser. Other cookies remain on your computer (long-term cookies) and permit its recognition on your next visit. This allows us to improve your access to our site.<br \/>\n(2) You can prevent storage of cookies by choosing a &#8220;disable cookies&#8221; option in your browser settings. But this can limit the functionality of our Internet offers as a result.<\/p>\n<h4>Disclosure<\/h4>\n<p>According to the Federal Data Protection Act, you have a right to free-of-charge information about your stored data, and possibly entitlement to correction, blocking or deletion of such data. Inquiries can be directed to the following e-mail addresses: ( <a href=\"mailto:info@riff-systemhaus.info\">info@riff-systemhaus.info<\/a> )[\/vc_column_text][\/vc_column][\/vc_row]<\/p>\n","protected":false},"excerpt":{"rendered":"<p>[vc_row][vc_column][vc_column_text] Legal Disclosure Information in accordance with section 5 TMG Riff Systemhaus GmbH Lise-Meitner-Stra\u00dfe 15 45699 Herten Represented by Frank Riff Contact Telephone: +49 (0)2366 \/ 567 362 Fax: +49 (0)2366 \/ 567 362 250 E-Mail: info@riff-systemhaus.info Internetadresse: riff-systemhaus.info Register entry Entry in Handelsregister Register Number: HRB 6303 Register Court: Amtsgericht Recklinghausen VAT number VAT&hellip;<\/p>\n","protected":false},"author":1,"featured_media":0,"parent":0,"menu_order":0,"comment_status":"closed","ping_status":"closed","template":"","meta":[],"yoast_head":"<!-- This site is optimized with the Yoast SEO plugin v20.4 - https:\/\/yoast.com\/wordpress\/plugins\/seo\/ -->\n<title>Impressum - Riff Systemhaus - Bitstore Dorsten GmbH<\/title>\n<meta name=\"description\" content=\"Information in accordance with section 5 TMG Riff Systemhaus GmbH Lise-Meitner-Stra\u00dfe 15 45699 Herten\" \/>\n<meta name=\"robots\" content=\"index, follow, max-snippet:-1, max-image-preview:large, max-video-preview:-1\" \/>\n<link rel=\"canonical\" href=\"https:\/\/www.riff-systemhaus.online\/en\/impressum\/\" \/>\n<meta property=\"og:locale\" content=\"en_US\" \/>\n<meta property=\"og:type\" content=\"article\" \/>\n<meta property=\"og:title\" content=\"Impressum - Riff Systemhaus - Bitstore Dorsten GmbH\" \/>\n<meta property=\"og:description\" content=\"Information in accordance with section 5 TMG Riff Systemhaus GmbH Lise-Meitner-Stra\u00dfe 15 45699 Herten\" \/>\n<meta property=\"og:url\" content=\"https:\/\/www.riff-systemhaus.online\/en\/impressum\/\" \/>\n<meta property=\"og:site_name\" content=\"Riff Systemhaus - Bitstore Dorsten GmbH\" \/>\n<meta property=\"article:publisher\" content=\"https:\/\/de-de.facebook.com\/RIFFSystemhaus\/\" \/>\n<meta property=\"article:modified_time\" content=\"2018-09-20T08:17:46+00:00\" \/>\n<meta name=\"twitter:card\" content=\"summary_large_image\" \/>\n<meta name=\"twitter:label1\" content=\"Est. reading time\" \/>\n\t<meta name=\"twitter:data1\" content=\"5 minutes\" \/>\n<script type=\"application\/ld+json\" class=\"yoast-schema-graph\">{\"@context\":\"https:\/\/schema.org\",\"@graph\":[{\"@type\":\"WebPage\",\"@id\":\"https:\/\/www.riff-systemhaus.online\/en\/impressum\/\",\"url\":\"https:\/\/www.riff-systemhaus.online\/en\/impressum\/\",\"name\":\"Impressum - Riff Systemhaus - Bitstore Dorsten GmbH\",\"isPartOf\":{\"@id\":\"https:\/\/www.riff-systemhaus.online\/#website\"},\"datePublished\":\"2016-07-21T08:20:41+00:00\",\"dateModified\":\"2018-09-20T08:17:46+00:00\",\"description\":\"Information in accordance with section 5 TMG Riff Systemhaus GmbH Lise-Meitner-Stra\u00dfe 15 45699 Herten\",\"breadcrumb\":{\"@id\":\"https:\/\/www.riff-systemhaus.online\/en\/impressum\/#breadcrumb\"},\"inLanguage\":\"en-US\",\"potentialAction\":[{\"@type\":\"ReadAction\",\"target\":[\"https:\/\/www.riff-systemhaus.online\/en\/impressum\/\"]}]},{\"@type\":\"BreadcrumbList\",\"@id\":\"https:\/\/www.riff-systemhaus.online\/en\/impressum\/#breadcrumb\",\"itemListElement\":[{\"@type\":\"ListItem\",\"position\":1,\"name\":\"Startseite\",\"item\":\"https:\/\/www.riff-systemhaus.online\/en\/\"},{\"@type\":\"ListItem\",\"position\":2,\"name\":\"Impressum\"}]},{\"@type\":\"WebSite\",\"@id\":\"https:\/\/www.riff-systemhaus.online\/#website\",\"url\":\"https:\/\/www.riff-systemhaus.online\/\",\"name\":\"Riff Systemhaus - Bitstore Dorsten GmbH\",\"description\":\"Erstellen von Schwei\u00dfanweisungen - WPS, Verfahrenspr\u00fcfungen - VP und Schwei\u00dfer mit Zeugnissen\",\"publisher\":{\"@id\":\"https:\/\/www.riff-systemhaus.online\/#organization\"},\"potentialAction\":[{\"@type\":\"SearchAction\",\"target\":{\"@type\":\"EntryPoint\",\"urlTemplate\":\"https:\/\/www.riff-systemhaus.online\/?s={search_term_string}\"},\"query-input\":\"required name=search_term_string\"}],\"inLanguage\":\"en-US\"},{\"@type\":\"Organization\",\"@id\":\"https:\/\/www.riff-systemhaus.online\/#organization\",\"name\":\"RIFF Systemhaus GmbH\",\"url\":\"https:\/\/www.riff-systemhaus.online\/\",\"logo\":{\"@type\":\"ImageObject\",\"inLanguage\":\"en-US\",\"@id\":\"https:\/\/www.riff-systemhaus.online\/#\/schema\/logo\/image\/\",\"url\":\"https:\/\/www.riff-systemhaus.online\/wp-content\/uploads\/2016\/04\/riffLogo_middle-1.png\",\"contentUrl\":\"https:\/\/www.riff-systemhaus.online\/wp-content\/uploads\/2016\/04\/riffLogo_middle-1.png\",\"width\":203,\"height\":55,\"caption\":\"RIFF Systemhaus GmbH\"},\"image\":{\"@id\":\"https:\/\/www.riff-systemhaus.online\/#\/schema\/logo\/image\/\"},\"sameAs\":[\"https:\/\/de-de.facebook.com\/RIFFSystemhaus\/\",\"https:\/\/www.youtube.com\/channel\/UCq9qBcJPc3AVGrCQn6qlqXQ\"]}]}<\/script>\n<!-- \/ Yoast SEO plugin. -->","yoast_head_json":{"title":"Impressum - Riff Systemhaus - Bitstore Dorsten GmbH","description":"Information in accordance with section 5 TMG Riff Systemhaus GmbH Lise-Meitner-Stra\u00dfe 15 45699 Herten","robots":{"index":"index","follow":"follow","max-snippet":"max-snippet:-1","max-image-preview":"max-image-preview:large","max-video-preview":"max-video-preview:-1"},"canonical":"https:\/\/www.riff-systemhaus.online\/en\/impressum\/","og_locale":"en_US","og_type":"article","og_title":"Impressum - Riff Systemhaus - Bitstore Dorsten GmbH","og_description":"Information in accordance with section 5 TMG Riff Systemhaus GmbH Lise-Meitner-Stra\u00dfe 15 45699 Herten","og_url":"https:\/\/www.riff-systemhaus.online\/en\/impressum\/","og_site_name":"Riff Systemhaus - Bitstore Dorsten GmbH","article_publisher":"https:\/\/de-de.facebook.com\/RIFFSystemhaus\/","article_modified_time":"2018-09-20T08:17:46+00:00","twitter_card":"summary_large_image","twitter_misc":{"Est. reading time":"5 minutes"},"schema":{"@context":"https:\/\/schema.org","@graph":[{"@type":"WebPage","@id":"https:\/\/www.riff-systemhaus.online\/en\/impressum\/","url":"https:\/\/www.riff-systemhaus.online\/en\/impressum\/","name":"Impressum - Riff Systemhaus - Bitstore Dorsten GmbH","isPartOf":{"@id":"https:\/\/www.riff-systemhaus.online\/#website"},"datePublished":"2016-07-21T08:20:41+00:00","dateModified":"2018-09-20T08:17:46+00:00","description":"Information in accordance with section 5 TMG Riff Systemhaus GmbH Lise-Meitner-Stra\u00dfe 15 45699 Herten","breadcrumb":{"@id":"https:\/\/www.riff-systemhaus.online\/en\/impressum\/#breadcrumb"},"inLanguage":"en-US","potentialAction":[{"@type":"ReadAction","target":["https:\/\/www.riff-systemhaus.online\/en\/impressum\/"]}]},{"@type":"BreadcrumbList","@id":"https:\/\/www.riff-systemhaus.online\/en\/impressum\/#breadcrumb","itemListElement":[{"@type":"ListItem","position":1,"name":"Startseite","item":"https:\/\/www.riff-systemhaus.online\/en\/"},{"@type":"ListItem","position":2,"name":"Impressum"}]},{"@type":"WebSite","@id":"https:\/\/www.riff-systemhaus.online\/#website","url":"https:\/\/www.riff-systemhaus.online\/","name":"Riff Systemhaus - Bitstore Dorsten GmbH","description":"Erstellen von Schwei\u00dfanweisungen - WPS, Verfahrenspr\u00fcfungen - VP und Schwei\u00dfer mit Zeugnissen","publisher":{"@id":"https:\/\/www.riff-systemhaus.online\/#organization"},"potentialAction":[{"@type":"SearchAction","target":{"@type":"EntryPoint","urlTemplate":"https:\/\/www.riff-systemhaus.online\/?s={search_term_string}"},"query-input":"required name=search_term_string"}],"inLanguage":"en-US"},{"@type":"Organization","@id":"https:\/\/www.riff-systemhaus.online\/#organization","name":"RIFF Systemhaus GmbH","url":"https:\/\/www.riff-systemhaus.online\/","logo":{"@type":"ImageObject","inLanguage":"en-US","@id":"https:\/\/www.riff-systemhaus.online\/#\/schema\/logo\/image\/","url":"https:\/\/www.riff-systemhaus.online\/wp-content\/uploads\/2016\/04\/riffLogo_middle-1.png","contentUrl":"https:\/\/www.riff-systemhaus.online\/wp-content\/uploads\/2016\/04\/riffLogo_middle-1.png","width":203,"height":55,"caption":"RIFF Systemhaus GmbH"},"image":{"@id":"https:\/\/www.riff-systemhaus.online\/#\/schema\/logo\/image\/"},"sameAs":["https:\/\/de-de.facebook.com\/RIFFSystemhaus\/","https:\/\/www.youtube.com\/channel\/UCq9qBcJPc3AVGrCQn6qlqXQ"]}]}},"_links":{"self":[{"href":"https:\/\/www.riff-systemhaus.online\/en\/wp-json\/wp\/v2\/pages\/16801"}],"collection":[{"href":"https:\/\/www.riff-systemhaus.online\/en\/wp-json\/wp\/v2\/pages"}],"about":[{"href":"https:\/\/www.riff-systemhaus.online\/en\/wp-json\/wp\/v2\/types\/page"}],"author":[{"embeddable":true,"href":"https:\/\/www.riff-systemhaus.online\/en\/wp-json\/wp\/v2\/users\/1"}],"replies":[{"embeddable":true,"href":"https:\/\/www.riff-systemhaus.online\/en\/wp-json\/wp\/v2\/comments?post=16801"}],"version-history":[{"count":7,"href":"https:\/\/www.riff-systemhaus.online\/en\/wp-json\/wp\/v2\/pages\/16801\/revisions"}],"predecessor-version":[{"id":17838,"href":"https:\/\/www.riff-systemhaus.online\/en\/wp-json\/wp\/v2\/pages\/16801\/revisions\/17838"}],"wp:attachment":[{"href":"https:\/\/www.riff-systemhaus.online\/en\/wp-json\/wp\/v2\/media?parent=16801"}],"curies":[{"name":"wp","href":"https:\/\/api.w.org\/{rel}","templated":true}]}}